{"id":37288,"date":"2025-11-22T18:49:20","date_gmt":"2025-11-22T17:49:20","guid":{"rendered":"https:\/\/www.mapaho.com\/shop\/plaster-lokalizacyjny-ble-z-ponad-2-miesiecznym-czasem-pracy\/"},"modified":"2025-12-07T13:18:21","modified_gmt":"2025-12-07T12:18:21","slug":"plaster-lokalizacyjny-ble-z-ponad-2-miesiecznym-czasem-pracy","status":"publish","type":"product","link":"https:\/\/www.mapaho.com\/pl\/shop\/plaster-lokalizacyjny-ble-z-ponad-2-miesiecznym-czasem-pracy\/","title":{"rendered":"Plaster lokalizacyjny BLE z ponad 2-miesi\u0119cznym czasem pracy"},"content":{"rendered":"<p><strong>60mm x 60 mm x 0,9 mm &#8211; 8 tygodni pracy baterii<\/strong><\/p>\n<ul>\n<li data-start=\"40\" data-end=\"119\">\n<p data-start=\"42\" data-end=\"119\">W zestawie bezp\u0142atna aplikacja maxTRACK Pro \u2013 jak zwyk\u0142y tracker GPS.<\/p>\n<\/li>\n<li data-start=\"285\" data-end=\"351\">\n<p data-start=\"287\" data-end=\"351\">Rzeczywisty czas pracy: do 9 tygodni.<\/p>\n<\/li>\n<li data-start=\"412\" data-end=\"447\" data-is-last-node=\"\">\n<p data-start=\"414\" data-end=\"447\" data-is-last-node=\"\">Wymiary: 60 mm x 60 mm x 0,9 mm.<\/p>\n<\/li>\n<\/ul>\n<p data-start=\"373\" data-end=\"686\">Dzi\u0119ki kompaktowym wymiarom zaledwie 6 \u00d7 6 cm i grubo\u015bci tylko 0,9 mm, urz\u0105dzenie mo\u017cna dyskretnie umie\u015bci\u0107 prawie wsz\u0119dzie. Po usuni\u0119ciu paska ochronnego mo\u017cna ods\u0142oni\u0107 powierzchni\u0119 klej\u0105c\u0105 i przymocowa\u0107 plaster\/naklejk\u0119 do odpowiedniej, niemetalowej powierzchni. <\/p>\n<p data-start=\"688\" data-end=\"1022\">Za pomoc\u0105 bezp\u0142atnej aplikacji lub portalu internetowego uzyskaj\u0105 Pa\u0144stwo natychmiastowy dost\u0119p do funkcji lokalizacyjnych &#8211; i to przez ponad dwa miesi\u0105ce. Stan baterii jest zawsze wy\u015bwietlany w aplikacji. Gdy energia zostanie ca\u0142kowicie wyczerpana, pad mo\u017cna po prostu wyrzuci\u0107 lub pozostawi\u0107 na miejscu.  <\/p>\n<h3 data-start=\"1024\" data-end=\"1056\"><strong data-start=\"1028\" data-end=\"1056\">Mo\u017cliwe obszary zastosowania<\/strong><\/h3>\n<p data-start=\"1058\" data-end=\"1128\">Urz\u0105dzenie nadaje si\u0119 do wielu dozwolonych cel\u00f3w, na przyk\u0142ad:<\/p>\n<ul data-start=\"1130\" data-end=\"1484\">\n<li data-start=\"1130\" data-end=\"1168\">\n<p data-start=\"1132\" data-end=\"1168\">odnajdywanie baga\u017cu podr\u00f3\u017cnego,<\/p>\n<\/li>\n<li data-start=\"1169\" data-end=\"1239\">\n<p data-start=\"1171\" data-end=\"1239\">zabezpieczanie sprz\u0119tu, narz\u0119dzi lub cennych przedmiot\u00f3w,<\/p>\n<\/li>\n<li data-start=\"1240\" data-end=\"1302\">\n<p data-start=\"1242\" data-end=\"1302\">monitorowanie paczek lub towar\u00f3w podczas transportu,<\/p>\n<\/li>\n<li data-start=\"1303\" data-end=\"1386\">\n<p data-start=\"1305\" data-end=\"1386\">stosowanie na plastikowych cz\u0119\u015bciach pojazd\u00f3w lub maszyn,<\/p>\n<\/li>\n<li data-start=\"1387\" data-end=\"1484\">\n<p data-start=\"1389\" data-end=\"1484\">lub wsz\u0119dzie tam, gdzie potrzebny jest kompaktowy, lekki i dyskretny lokalizator.<\/p>\n<\/li>\n<\/ul>\n<p data-start=\"1486\" data-end=\"1598\">Mo\u017cliwo\u015bci jego elastycznego mocowania s\u0105 prawie nieograniczone!<\/p>\n","protected":false},"excerpt":{"rendered":"<p>60mm x 60 mm x 0,9 mm &#8211; 8 tygodni pracy baterii W zestawie bezp\u0142atna aplikacja maxTRACK Pro \u2013 jak<\/p>\n","protected":false},"featured_media":37395,"comment_status":"open","ping_status":"closed","template":"","meta":{"advanced_seo_description":"","jetpack_seo_html_title":"","jetpack_seo_noindex":false},"product_brand":[],"product_cat":[87],"product_tag":[],"class_list":{"0":"post-37288","1":"product","2":"type-product","3":"status-publish","4":"has-post-thumbnail","6":"product_cat-ble-tracker","8":"first","9":"instock","10":"sale","11":"taxable","12":"shipping-taxable","13":"purchasable","14":"product-type-simple"},"jetpack_sharing_enabled":true,"_links":{"self":[{"href":"https:\/\/www.mapaho.com\/pl\/wp-json\/wp\/v2\/product\/37288","targetHints":{"allow":["GET"]}}],"collection":[{"href":"https:\/\/www.mapaho.com\/pl\/wp-json\/wp\/v2\/product"}],"about":[{"href":"https:\/\/www.mapaho.com\/pl\/wp-json\/wp\/v2\/types\/product"}],"replies":[{"embeddable":true,"href":"https:\/\/www.mapaho.com\/pl\/wp-json\/wp\/v2\/comments?post=37288"}],"wp:featuredmedia":[{"embeddable":true,"href":"https:\/\/www.mapaho.com\/pl\/wp-json\/wp\/v2\/media\/37395"}],"wp:attachment":[{"href":"https:\/\/www.mapaho.com\/pl\/wp-json\/wp\/v2\/media?parent=37288"}],"wp:term":[{"taxonomy":"product_brand","embeddable":true,"href":"https:\/\/www.mapaho.com\/pl\/wp-json\/wp\/v2\/product_brand?post=37288"},{"taxonomy":"product_cat","embeddable":true,"href":"https:\/\/www.mapaho.com\/pl\/wp-json\/wp\/v2\/product_cat?post=37288"},{"taxonomy":"product_tag","embeddable":true,"href":"https:\/\/www.mapaho.com\/pl\/wp-json\/wp\/v2\/product_tag?post=37288"}],"curies":[{"name":"wp","href":"https:\/\/api.w.org\/{rel}","templated":true}]}}