{"id":37266,"date":"2025-11-22T18:30:49","date_gmt":"2025-11-22T17:30:49","guid":{"rendered":"https:\/\/www.mapaho.com\/shop\/przycisk-ble-klasyka\/"},"modified":"2025-12-07T13:18:43","modified_gmt":"2025-12-07T12:18:43","slug":"przycisk-ble-klasyka","status":"publish","type":"product","link":"https:\/\/www.mapaho.com\/pl\/shop\/przycisk-ble-klasyka\/","title":{"rendered":"Przycisk BLE \u2013 Klasyka"},"content":{"rendered":"<p><strong>\u00d8 38 mm \u2013 grubo\u015b\u0107 9 mm \u2013 1 rok dzia\u0142ania<\/strong><\/p>\n<ul>\n<li data-start=\"40\" data-end=\"119\">\n<p data-start=\"42\" data-end=\"119\">W zestawie bezp\u0142atna aplikacja maxTRACK Pro \u2013 jak zwyk\u0142y tracker GPS.<\/p>\n<\/li>\n<li data-start=\"285\" data-end=\"351\">\n<p data-start=\"287\" data-end=\"351\">Rzeczywisty czas pracy: do 12 miesi\u0119cy na wbudowanym akumulatorze.<\/p>\n<\/li>\n<li data-start=\"412\" data-end=\"447\" data-is-last-node=\"\">\n<p data-start=\"414\" data-end=\"447\" data-is-last-node=\"\">Wymiary: \u00d8 38 mm, grubo\u015b\u0107 9 mm.<\/p>\n<\/li>\n<\/ul>\n<p data-start=\"30\" data-end=\"70\"><strong data-start=\"30\" data-end=\"70\">Dlaczego ten TAG?<\/strong><\/p>\n<ul data-start=\"72\" data-end=\"671\" data-is-last-node=\"\" data-is-only-node=\"\">\n<li data-start=\"163\" data-end=\"273\">\n<p data-start=\"165\" data-end=\"273\">Dyskretna forma i \u0142atwy monta\u017c \u2013 dzi\u0119ki kompaktowym wymiarom urz\u0105dzenie mo\u017cna \u0142atwo ukry\u0107.<\/p>\n<\/li>\n<li data-start=\"274\" data-end=\"345\">\n<p data-start=\"276\" data-end=\"345\">D\u0142ugi czas pracy baterii \u2013 minimalizuje konieczno\u015b\u0107 konserwacji.<\/p>\n<\/li>\n<li data-start=\"346\" data-end=\"501\">\n<p data-start=\"348\" data-end=\"501\">Rozszerzone mo\u017cliwo\u015bci monitoringu \u2013 intuicyjna aplikacja maxTRACK Pro umo\u017cliwia szybkie sprawdzenie lokalizacji i wgl\u0105d w zapisane trasy.<\/p>\n<\/li>\n<li data-start=\"502\" data-end=\"671\" data-is-last-node=\"\">\n<p data-start=\"504\" data-end=\"671\" data-is-last-node=\"\">Szeroki zakres zastosowa\u0144 \u2013 idealny do monitorowania pojazd\u00f3w, rower\u00f3w, sprz\u0119tu elektronicznego lub warto\u015bciowych towar\u00f3w w transporcie i magazynach.<\/p>\n<\/li>\n<\/ul>\n","protected":false},"excerpt":{"rendered":"<p>\u00d8 38 mm \u2013 grubo\u015b\u0107 9 mm \u2013 1 rok dzia\u0142ania W zestawie bezp\u0142atna aplikacja maxTRACK Pro \u2013 jak zwyk\u0142y<\/p>\n","protected":false},"featured_media":37280,"comment_status":"open","ping_status":"closed","template":"","meta":{"advanced_seo_description":"","jetpack_seo_html_title":"","jetpack_seo_noindex":false},"product_brand":[],"product_cat":[87],"product_tag":[],"class_list":{"0":"post-37266","1":"product","2":"type-product","3":"status-publish","4":"has-post-thumbnail","6":"product_cat-ble-tracker","8":"first","9":"instock","10":"sale","11":"taxable","12":"shipping-taxable","13":"purchasable","14":"product-type-simple"},"jetpack_sharing_enabled":true,"_links":{"self":[{"href":"https:\/\/www.mapaho.com\/pl\/wp-json\/wp\/v2\/product\/37266","targetHints":{"allow":["GET"]}}],"collection":[{"href":"https:\/\/www.mapaho.com\/pl\/wp-json\/wp\/v2\/product"}],"about":[{"href":"https:\/\/www.mapaho.com\/pl\/wp-json\/wp\/v2\/types\/product"}],"replies":[{"embeddable":true,"href":"https:\/\/www.mapaho.com\/pl\/wp-json\/wp\/v2\/comments?post=37266"}],"wp:featuredmedia":[{"embeddable":true,"href":"https:\/\/www.mapaho.com\/pl\/wp-json\/wp\/v2\/media\/37280"}],"wp:attachment":[{"href":"https:\/\/www.mapaho.com\/pl\/wp-json\/wp\/v2\/media?parent=37266"}],"wp:term":[{"taxonomy":"product_brand","embeddable":true,"href":"https:\/\/www.mapaho.com\/pl\/wp-json\/wp\/v2\/product_brand?post=37266"},{"taxonomy":"product_cat","embeddable":true,"href":"https:\/\/www.mapaho.com\/pl\/wp-json\/wp\/v2\/product_cat?post=37266"},{"taxonomy":"product_tag","embeddable":true,"href":"https:\/\/www.mapaho.com\/pl\/wp-json\/wp\/v2\/product_tag?post=37266"}],"curies":[{"name":"wp","href":"https:\/\/api.w.org\/{rel}","templated":true}]}}