{"id":37260,"date":"2025-11-22T21:18:39","date_gmt":"2025-11-22T20:18:39","guid":{"rendered":"https:\/\/www.mapaho.com\/shop\/gps-mt40-z-karta-sim-na-5-lat\/"},"modified":"2025-12-07T13:20:39","modified_gmt":"2025-12-07T12:20:39","slug":"gps-mt40-z-karta-sim-na-5-lat","status":"publish","type":"product","link":"https:\/\/www.mapaho.com\/pl\/shop\/gps-mt40-z-karta-sim-na-5-lat\/","title":{"rendered":"GPS &#8211; MT40 z kart\u0105 SIM na 5 lat"},"content":{"rendered":"<p><strong>105 mm x 60 mm x 30 mm<\/strong><\/p>\n<p data-start=\"58\" data-end=\"514\"><strong data-start=\"58\" data-end=\"140\">Najlepszy lokalizator GPS na rynku, dzia\u0142aj\u0105cy na w\u0142asnym zasilaniu.<\/strong><br data-start=\"140\" data-end=\"143\">Jest wyposa\u017cony w bardzo mocn\u0105 bateri\u0119 o pojemno\u015bci 10 000 mAh. Lokalizator GPS dzia\u0142a na w\u0142asnej baterii do 120 dni. W praktyce, przy codziennym ruchu pojazdu, czas pracy wynosi oko\u0142o 45 dni. Urz\u0105dzenie lokalizuje bardzo precyzyjnie za pomoc\u0105 satelit\u00f3w GPS, a dodatkowo za pomoc\u0105 nadajnik\u00f3w GSM oraz Wi-Fi. Anteny GPS i GSM s\u0105 ju\u017c zintegrowane.    <\/p>\n<hr data-start=\"516\" data-end=\"519\">\n<h3 data-start=\"521\" data-end=\"550\"><strong data-start=\"525\" data-end=\"550\">Jak to dzia\u0142a?<\/strong><\/h3>\n<p data-start=\"552\" data-end=\"899\">Otrzymasz od nas kompletny lokalizator GPS z ju\u017c na\u0142adowan\u0105 bateri\u0105. Wystarczy w\u0142\u0105czy\u0107 urz\u0105dzenie prze\u0142\u0105cznikiem i umie\u015bci\u0107 je w samochodzie, motocyklu, \u0142odzi, maszynie budowlanej lub innym cennym przedmiocie. Monta\u017c jest prosty &#8211; dzi\u0119ki wbudowanemu magnesowi mo\u017cna szybko i \u0142atwo przymocowa\u0107 urz\u0105dzenie.  <\/p>\n<p data-start=\"901\" data-end=\"1251\">Lokalizator posiada silne odbiorniki\/anteny GPS i GSM, dlatego mo\u017ce by\u0107 montowany nawet pod blachami metalowymi lub pod pojazdem. Lokalizator GPS ma klas\u0119 wodoszczelno\u015bci IPX5, ale w przypadku monta\u017cu na zewn\u0105trz zalecamy, dla ostro\u017cno\u015bci, umieszczenie go w os\u0142onie ochronnej (folia + ta\u015bma klej\u0105ca s\u0105 do\u0142\u0105czone do zestawu). <\/p>\n<p data-start=\"1253\" data-end=\"1482\">Teraz mo\u017cesz na \u017cywo \u015bledzi\u0107, jak porusza si\u0119 Tw\u00f3j pojazd lub odtworzy\u0107 jego tras\u0119 do 6 miesi\u0119cy wstecz &#8211; wszystko to bezpo\u015brednio na Twoim telefonie lub komputerze w przejrzystej, polskoj\u0119zycznej aplikacji.<\/p>\n<hr data-start=\"1484\" data-end=\"1487\">\n<h3 data-start=\"1489\" data-end=\"1503\"><strong data-start=\"1493\" data-end=\"1503\">Koszty<\/strong><\/h3>\n<p data-start=\"1505\" data-end=\"1634\">P\u0142ac\u0105 Pa\u0144stwo tylko za lokalizator GPS. Nie ma <strong data-start=\"1548\" data-end=\"1580\">\u017cadnych op\u0142at abonamentowych<\/strong> za dost\u0119p do serwera \u2013 ani teraz, ani w przysz\u0142o\u015bci. <\/p>\n<p data-start=\"1636\" data-end=\"1956\">W ZESTAWIE na\u0142adowana karta SIM na 5 LAT! BEZ ABONAMENTU! Jedna cena &#8211; 5 lat dzia\u0142ania!  <\/p>\n<hr data-start=\"2027\" data-end=\"2030\">\n<h3 data-start=\"2032\" data-end=\"2092\"><strong data-start=\"2036\" data-end=\"2092\">Czy chcieliby Pa\u0144stwo zobaczy\u0107, jak to dzia\u0142a przed zakupem?<\/strong><\/h3>\n<p data-start=\"2094\" data-end=\"2234\">Napisz do nas lub zadzwo\u0144 &#8211; wy\u015blemy Ci dost\u0119p do naszego konta demonstracyjnego, na kt\u00f3rym b\u0119dziesz m\u00f3g\u0142 \u015bledzi\u0107 ruchy prawdziwego pojazdu.<\/p>\n<p data-start=\"2236\" data-end=\"2329\">Platforma (Web): <strong data-start=\"2253\" data-end=\"2272\">xxxxxk.pl<\/strong><br data-start=\"2272\" data-end=\"2275\">Aplikacja na telefon: xxxxx (Google Play i App Store)<\/p>\n<hr data-start=\"2331\" data-end=\"2334\">\n<h3 data-start=\"2336\" data-end=\"2353\"><strong data-start=\"2340\" data-end=\"2353\">Zalety:<\/strong><\/h3>\n<ul data-start=\"2355\" data-end=\"2748\">\n<li data-start=\"2355\" data-end=\"2380\">\n<p data-start=\"2357\" data-end=\"2380\">120 dni czasu czuwania<\/p>\n<\/li>\n<li data-start=\"2381\" data-end=\"2411\">\n<p data-start=\"2383\" data-end=\"2411\">45 dni rzeczywistego czasu pracy<\/p>\n<\/li>\n<li data-start=\"2412\" data-end=\"2431\">\n<p data-start=\"2414\" data-end=\"2431\">Bateria 10 000 mAh<\/p>\n<\/li>\n<li data-start=\"2432\" data-end=\"2463\">\n<p data-start=\"2434\" data-end=\"2463\">Silny zintegrowany magnes<\/p>\n<\/li>\n<li data-start=\"2464\" data-end=\"2497\">\n<p data-start=\"2466\" data-end=\"2497\">Lokalizacja przez GPS, GSM i Wi-Fi<\/p>\n<\/li>\n<li data-start=\"2498\" data-end=\"2533\">\n<p data-start=\"2500\" data-end=\"2533\">Aktualizacja co 10 sekund<\/p>\n<\/li>\n<li data-start=\"2534\" data-end=\"2559\">\n<p data-start=\"2536\" data-end=\"2559\">Wbudowana pami\u0119\u0107<\/p>\n<\/li>\n<li data-start=\"2560\" data-end=\"2585\">\n<p data-start=\"2562\" data-end=\"2585\">Status akumulatora w aplikacji<\/p>\n<\/li>\n<li data-start=\"2586\" data-end=\"2610\">\n<p data-start=\"2588\" data-end=\"2610\">Nawigacja do urz\u0105dzenia<\/p>\n<\/li>\n<li data-start=\"2611\" data-end=\"2643\">\n<p data-start=\"2613\" data-end=\"2643\">Czujnik sabota\u017cu \/ przycisk zrywania<\/p>\n<\/li>\n<li data-start=\"2644\" data-end=\"2669\">\n<p data-start=\"2646\" data-end=\"2669\">Wodoodporno\u015b\u0107 IPX5<\/p>\n<\/li>\n<li data-start=\"2670\" data-end=\"2706\">\n<p data-start=\"2672\" data-end=\"2706\">Udost\u0119pnianie lokalizacji innym<\/p>\n<\/li>\n<li data-start=\"2707\" data-end=\"2748\">\n<p data-start=\"2709\" data-end=\"2748\">Aplikacja na Android &amp; iPhone + portal internetowy<\/p>\n<\/li>\n<\/ul>\n<hr data-start=\"2750\" data-end=\"2753\">\n<h3 data-start=\"2755\" data-end=\"2775\"><strong data-start=\"2759\" data-end=\"2775\">Zestaw zawiera:<\/strong><\/h3>\n<ul data-start=\"2777\" data-end=\"2885\">\n<li data-start=\"2777\" data-end=\"2813\">\n<p data-start=\"2779\" data-end=\"2813\">Kompletny modu\u0142 GPS model MT40<\/p>\n<\/li>\n<li data-start=\"2814\" data-end=\"2840\">\n<p data-start=\"2816\" data-end=\"2840\">\u0141adowarka sieciowa mini-USB<\/p>\n<\/li>\n<li data-start=\"2841\" data-end=\"2871\">\n<p data-start=\"2843\" data-end=\"2871\">Folie ochronne + ta\u015bma izolacyjna<\/p>\n<\/li>\n<li data-start=\"2872\" data-end=\"2885\">\n<p data-start=\"2874\" data-end=\"2885\">Karta SIM na 5 LAT!<\/p>\n<\/li>\n<\/ul>\n<hr data-start=\"2887\" data-end=\"2890\">\n<h3 data-start=\"2892\" data-end=\"2916\"><strong data-start=\"2896\" data-end=\"2916\">Dane techniczne<\/strong><\/h3>\n<ul data-start=\"2918\" data-end=\"3240\">\n<li data-start=\"2918\" data-end=\"2973\">\n<p data-start=\"2920\" data-end=\"2973\">Cz\u0119stotliwo\u015bci lokalizatora GPS &#8211; GSM: 850\/900\/1800\/1900 MHz<\/p>\n<\/li>\n<li data-start=\"2974\" data-end=\"3005\">\n<p data-start=\"2976\" data-end=\"3005\">Chipset GPS: MTK, 66 kana\u0142\u00f3w<\/p>\n<\/li>\n<li data-start=\"3006\" data-end=\"3035\">\n<p data-start=\"3008\" data-end=\"3035\">Dok\u0142adno\u015b\u0107 lokalizacji: &gt; 5 m<\/p>\n<\/li>\n<li data-start=\"3036\" data-end=\"3064\">\n<p data-start=\"3038\" data-end=\"3064\">Czu\u0142o\u015b\u0107: 165 dBm<\/p>\n<\/li>\n<li data-start=\"3065\" data-end=\"3112\">\n<p data-start=\"3067\" data-end=\"3112\">Zintegrowana bateria: Li-Po 10 000 mAh \/ 3,7 V<\/p>\n<\/li>\n<li data-start=\"3113\" data-end=\"3141\">\n<p data-start=\"3115\" data-end=\"3141\">Napi\u0119cie robocze: 5 V DC<\/p>\n<\/li>\n<li data-start=\"3142\" data-end=\"3168\">\n<p data-start=\"3144\" data-end=\"3168\">Wodoodporno\u015b\u0107: IPX5<\/p>\n<\/li>\n<li data-start=\"3169\" data-end=\"3206\">\n<p data-start=\"3171\" data-end=\"3206\">Temperatura pracy: \u221220\u2103 do +70\u2103<\/p>\n<\/li>\n<li data-start=\"3207\" data-end=\"3240\">\n<p data-start=\"3209\" data-end=\"3240\">Wymiary: 105 \u00d7 60 \u00d7 30 mm<\/p>\n<\/li>\n<\/ul>\n","protected":false},"excerpt":{"rendered":"<p>105 mm x 60 mm x 30 mm Najlepszy lokalizator GPS na rynku, dzia\u0142aj\u0105cy na w\u0142asnym zasilaniu.Jest wyposa\u017cony w bardzo<\/p>\n","protected":false},"featured_media":37270,"comment_status":"open","ping_status":"closed","template":"","meta":{"advanced_seo_description":"","jetpack_seo_html_title":"","jetpack_seo_noindex":false},"product_brand":[],"product_cat":[81],"product_tag":[],"class_list":{"0":"post-37260","1":"product","2":"type-product","3":"status-publish","4":"has-post-thumbnail","6":"product_cat-tracker","8":"first","9":"instock","10":"sale","11":"taxable","12":"shipping-taxable","13":"purchasable","14":"product-type-simple"},"jetpack_sharing_enabled":true,"_links":{"self":[{"href":"https:\/\/www.mapaho.com\/pl\/wp-json\/wp\/v2\/product\/37260","targetHints":{"allow":["GET"]}}],"collection":[{"href":"https:\/\/www.mapaho.com\/pl\/wp-json\/wp\/v2\/product"}],"about":[{"href":"https:\/\/www.mapaho.com\/pl\/wp-json\/wp\/v2\/types\/product"}],"replies":[{"embeddable":true,"href":"https:\/\/www.mapaho.com\/pl\/wp-json\/wp\/v2\/comments?post=37260"}],"wp:featuredmedia":[{"embeddable":true,"href":"https:\/\/www.mapaho.com\/pl\/wp-json\/wp\/v2\/media\/37270"}],"wp:attachment":[{"href":"https:\/\/www.mapaho.com\/pl\/wp-json\/wp\/v2\/media?parent=37260"}],"wp:term":[{"taxonomy":"product_brand","embeddable":true,"href":"https:\/\/www.mapaho.com\/pl\/wp-json\/wp\/v2\/product_brand?post=37260"},{"taxonomy":"product_cat","embeddable":true,"href":"https:\/\/www.mapaho.com\/pl\/wp-json\/wp\/v2\/product_cat?post=37260"},{"taxonomy":"product_tag","embeddable":true,"href":"https:\/\/www.mapaho.com\/pl\/wp-json\/wp\/v2\/product_tag?post=37260"}],"curies":[{"name":"wp","href":"https:\/\/api.w.org\/{rel}","templated":true}]}}