{"id":37241,"date":"2025-11-22T19:55:58","date_gmt":"2025-11-22T18:55:58","guid":{"rendered":"https:\/\/www.mapaho.com\/shop\/kostka-ble-antena-na-3-lata\/"},"modified":"2025-12-07T13:19:05","modified_gmt":"2025-12-07T12:19:05","slug":"kostka-ble-antena-na-3-lata","status":"publish","type":"product","link":"https:\/\/www.mapaho.com\/pl\/shop\/kostka-ble-antena-na-3-lata\/","title":{"rendered":"Kostka BLE &#8211; Antena na 3 lata"},"content":{"rendered":"<p><strong>48 mm x 38 mm x 13 mm<\/strong><\/p>\n<ul>\n<li data-start=\"40\" data-end=\"119\">\n<p data-start=\"42\" data-end=\"119\">W zestawie z bezp\u0142atn\u0105 aplikacj\u0105 maxTRACK Pro \u2013 jak zwyk\u0142y lokalizator GPS.<\/p>\n<\/li>\n<li data-start=\"285\" data-end=\"351\">\n<p data-start=\"287\" data-end=\"351\">Rzeczywisty czas pracy: 3 lata na wbudowanej baterii.<\/p>\n<\/li>\n<li data-start=\"412\" data-end=\"447\" data-is-last-node=\"\">\n<p data-start=\"414\" data-end=\"447\" data-is-last-node=\"\">Wymiary: 48 mm x 38 mm x 13 mm<\/p>\n<\/li>\n<\/ul>\n<p data-start=\"30\" data-end=\"70\"><strong data-start=\"30\" data-end=\"70\">Dlaczego ten TAG?<\/strong><\/p>\n<ul data-start=\"72\" data-end=\"671\" data-is-last-node=\"\" data-is-only-node=\"\">\n<li data-start=\"72\" data-end=\"162\">\n<p data-start=\"74\" data-end=\"162\">Ma\u0142y lokalizator TAG do pojazd\u00f3w<\/p>\n<\/li>\n<li data-start=\"72\" data-end=\"162\">\n<p data-start=\"74\" data-end=\"162\">Wyj\u0105tkowo mocna antena Bluetooth<\/p>\n<\/li>\n<li data-start=\"72\" data-end=\"162\">\n<p data-start=\"74\" data-end=\"162\">Idealny do wypo\u017cyczalni pojazd\u00f3w, kamper\u00f3w, \u0142odzi itp.<\/p>\n<\/li>\n<li data-start=\"72\" data-end=\"162\">Cz\u0119sto stosowany r\u00f3wnie\u017c w wypo\u017cyczalniach maszyn budowlanych i sprz\u0119tu<\/li>\n<\/ul>\n","protected":false},"excerpt":{"rendered":"<p>48 mm x 38 mm x 13 mm W zestawie z bezp\u0142atn\u0105 aplikacj\u0105 maxTRACK Pro \u2013 jak zwyk\u0142y lokalizator GPS.<\/p>\n","protected":false},"featured_media":37323,"comment_status":"open","ping_status":"closed","template":"","meta":{"advanced_seo_description":"","jetpack_seo_html_title":"","jetpack_seo_noindex":false},"product_brand":[],"product_cat":[87],"product_tag":[],"class_list":{"0":"post-37241","1":"product","2":"type-product","3":"status-publish","4":"has-post-thumbnail","6":"product_cat-ble-tracker","8":"first","9":"instock","10":"sale","11":"taxable","12":"shipping-taxable","13":"purchasable","14":"product-type-simple"},"jetpack_sharing_enabled":true,"_links":{"self":[{"href":"https:\/\/www.mapaho.com\/pl\/wp-json\/wp\/v2\/product\/37241","targetHints":{"allow":["GET"]}}],"collection":[{"href":"https:\/\/www.mapaho.com\/pl\/wp-json\/wp\/v2\/product"}],"about":[{"href":"https:\/\/www.mapaho.com\/pl\/wp-json\/wp\/v2\/types\/product"}],"replies":[{"embeddable":true,"href":"https:\/\/www.mapaho.com\/pl\/wp-json\/wp\/v2\/comments?post=37241"}],"wp:featuredmedia":[{"embeddable":true,"href":"https:\/\/www.mapaho.com\/pl\/wp-json\/wp\/v2\/media\/37323"}],"wp:attachment":[{"href":"https:\/\/www.mapaho.com\/pl\/wp-json\/wp\/v2\/media?parent=37241"}],"wp:term":[{"taxonomy":"product_brand","embeddable":true,"href":"https:\/\/www.mapaho.com\/pl\/wp-json\/wp\/v2\/product_brand?post=37241"},{"taxonomy":"product_cat","embeddable":true,"href":"https:\/\/www.mapaho.com\/pl\/wp-json\/wp\/v2\/product_cat?post=37241"},{"taxonomy":"product_tag","embeddable":true,"href":"https:\/\/www.mapaho.com\/pl\/wp-json\/wp\/v2\/product_tag?post=37241"}],"curies":[{"name":"wp","href":"https:\/\/api.w.org\/{rel}","templated":true}]}}