{"id":37227,"date":"2025-11-22T19:34:11","date_gmt":"2025-11-22T18:34:11","guid":{"rendered":"https:\/\/www.mapaho.com\/shop\/karta-ble-wodoszczelny-cud-akumulatorowy\/"},"modified":"2025-12-07T13:17:43","modified_gmt":"2025-12-07T12:17:43","slug":"karta-ble-wodoszczelny-cud-akumulatorowy","status":"publish","type":"product","link":"https:\/\/www.mapaho.com\/pl\/shop\/karta-ble-wodoszczelny-cud-akumulatorowy\/","title":{"rendered":"Karta BLE \u2013 wodoszczelny cud akumulatorowy"},"content":{"rendered":"<p><strong>85 mm x 44 mm x 1,7 mm<\/strong><\/p>\n<ul>\n<li data-start=\"40\" data-end=\"119\">\n<p data-start=\"42\" data-end=\"119\">W zestawie bezp\u0142atna aplikacja maxTRACK Pro \u2013 jak zwyk\u0142y tracker GPS.<\/p>\n<\/li>\n<li data-start=\"285\" data-end=\"351\">\n<p data-start=\"287\" data-end=\"351\">Rzeczywisty czas pracy: Ponad 3 lata!<\/p>\n<\/li>\n<li data-start=\"412\" data-end=\"447\" data-is-last-node=\"\">\n<p data-start=\"414\" data-end=\"447\" data-is-last-node=\"\">Wymiary: 85 mm x 44 mm x 1,7 mm.<\/p>\n<\/li>\n<\/ul>\n<p>To ultracienki tracker TAG w rozmiarze karty kredytowej. Urz\u0105dzenie jest wykonane w technologii zgrzewania na zimno, co zapewnia ca\u0142kowit\u0105 wodoszczelno\u015b\u0107. Dzia\u0142a ponad 3 lata na jednej baterii.<\/p>\n<p data-start=\"373\" data-end=\"686\">\n","protected":false},"excerpt":{"rendered":"<p>85 mm x 44 mm x 1,7 mm W zestawie bezp\u0142atna aplikacja maxTRACK Pro \u2013 jak zwyk\u0142y tracker GPS. Rzeczywisty<\/p>\n","protected":false},"featured_media":37381,"comment_status":"open","ping_status":"closed","template":"","meta":{"advanced_seo_description":"","jetpack_seo_html_title":"","jetpack_seo_noindex":false},"product_brand":[],"product_cat":[87],"product_tag":[],"class_list":{"0":"post-37227","1":"product","2":"type-product","3":"status-publish","4":"has-post-thumbnail","6":"product_cat-ble-tracker","8":"first","9":"instock","10":"sale","11":"taxable","12":"shipping-taxable","13":"purchasable","14":"product-type-simple"},"jetpack_sharing_enabled":true,"_links":{"self":[{"href":"https:\/\/www.mapaho.com\/pl\/wp-json\/wp\/v2\/product\/37227","targetHints":{"allow":["GET"]}}],"collection":[{"href":"https:\/\/www.mapaho.com\/pl\/wp-json\/wp\/v2\/product"}],"about":[{"href":"https:\/\/www.mapaho.com\/pl\/wp-json\/wp\/v2\/types\/product"}],"replies":[{"embeddable":true,"href":"https:\/\/www.mapaho.com\/pl\/wp-json\/wp\/v2\/comments?post=37227"}],"wp:featuredmedia":[{"embeddable":true,"href":"https:\/\/www.mapaho.com\/pl\/wp-json\/wp\/v2\/media\/37381"}],"wp:attachment":[{"href":"https:\/\/www.mapaho.com\/pl\/wp-json\/wp\/v2\/media?parent=37227"}],"wp:term":[{"taxonomy":"product_brand","embeddable":true,"href":"https:\/\/www.mapaho.com\/pl\/wp-json\/wp\/v2\/product_brand?post=37227"},{"taxonomy":"product_cat","embeddable":true,"href":"https:\/\/www.mapaho.com\/pl\/wp-json\/wp\/v2\/product_cat?post=37227"},{"taxonomy":"product_tag","embeddable":true,"href":"https:\/\/www.mapaho.com\/pl\/wp-json\/wp\/v2\/product_tag?post=37227"}],"curies":[{"name":"wp","href":"https:\/\/api.w.org\/{rel}","templated":true}]}}