{"id":37224,"date":"2025-11-22T21:05:36","date_gmt":"2025-11-22T20:05:36","guid":{"rendered":"https:\/\/www.mapaho.com\/shop\/cylinder-ble-profesjonalista-do-kazdego-otworu\/"},"modified":"2025-12-07T13:19:40","modified_gmt":"2025-12-07T12:19:40","slug":"cylinder-ble-profesjonalista-do-kazdego-otworu","status":"publish","type":"product","link":"https:\/\/www.mapaho.com\/pl\/shop\/cylinder-ble-profesjonalista-do-kazdego-otworu\/","title":{"rendered":"Cylinder BLE \u2013 Profesjonalista do ka\u017cdego otworu"},"content":{"rendered":"<p><strong>45 mm x \u00d8 17 mm<\/strong><\/p>\n<ul>\n<li data-start=\"40\" data-end=\"119\">\n<p data-start=\"42\" data-end=\"119\">W zestawie z bezp\u0142atn\u0105 aplikacj\u0105 maxTRACK Pro \u2013 dzia\u0142aj\u0105c\u0105 jak zwyk\u0142y lokalizator GPS<\/p>\n<\/li>\n<li data-start=\"285\" data-end=\"351\">\n<p data-start=\"287\" data-end=\"351\">Rzeczywisty czas pracy: 2 lata na wbudowanej baterii<\/p>\n<\/li>\n<li data-start=\"412\" data-end=\"447\" data-is-last-node=\"\">\n<p data-start=\"414\" data-end=\"447\" data-is-last-node=\"\">Tylko 45 mm d\u0142ugo\u015bci i 17 mm \u015brednicy<\/p>\n<\/li>\n<\/ul>\n<p data-start=\"30\" data-end=\"70\"><strong data-start=\"30\" data-end=\"70\">Dlaczego ten TAG?<\/strong><\/p>\n<ul data-start=\"72\" data-end=\"671\" data-is-last-node=\"\" data-is-only-node=\"\">\n<li data-start=\"72\" data-end=\"162\">\n<p data-start=\"74\" data-end=\"162\">Ma\u0142y cud do otwor\u00f3w<\/p>\n<\/li>\n<\/ul>\n<p>\u201eDoskona\u0142y TAG, zaprojektowany dla rower\u00f3w, skuter\u00f3w, motocykli, hulajn\u00f3g elektrycznych, w\u00f3zk\u00f3w i wielu innych zastosowa\u0144. Urz\u0105dzenie jest montowane np. w kierownicy roweru lub w dowolnym innym miejscu.\u201d<\/p>\n","protected":false},"excerpt":{"rendered":"<p>45 mm x \u00d8 17 mm W zestawie z bezp\u0142atn\u0105 aplikacj\u0105 maxTRACK Pro \u2013 dzia\u0142aj\u0105c\u0105 jak zwyk\u0142y lokalizator GPS Rzeczywisty<\/p>\n","protected":false},"featured_media":37392,"comment_status":"open","ping_status":"closed","template":"","meta":{"advanced_seo_description":"","jetpack_seo_html_title":"","jetpack_seo_noindex":false},"product_brand":[],"product_cat":[87],"product_tag":[],"class_list":{"0":"post-37224","1":"product","2":"type-product","3":"status-publish","4":"has-post-thumbnail","6":"product_cat-ble-tracker","8":"first","9":"instock","10":"sale","11":"taxable","12":"shipping-taxable","13":"purchasable","14":"product-type-simple"},"jetpack_sharing_enabled":true,"_links":{"self":[{"href":"https:\/\/www.mapaho.com\/pl\/wp-json\/wp\/v2\/product\/37224","targetHints":{"allow":["GET"]}}],"collection":[{"href":"https:\/\/www.mapaho.com\/pl\/wp-json\/wp\/v2\/product"}],"about":[{"href":"https:\/\/www.mapaho.com\/pl\/wp-json\/wp\/v2\/types\/product"}],"replies":[{"embeddable":true,"href":"https:\/\/www.mapaho.com\/pl\/wp-json\/wp\/v2\/comments?post=37224"}],"wp:featuredmedia":[{"embeddable":true,"href":"https:\/\/www.mapaho.com\/pl\/wp-json\/wp\/v2\/media\/37392"}],"wp:attachment":[{"href":"https:\/\/www.mapaho.com\/pl\/wp-json\/wp\/v2\/media?parent=37224"}],"wp:term":[{"taxonomy":"product_brand","embeddable":true,"href":"https:\/\/www.mapaho.com\/pl\/wp-json\/wp\/v2\/product_brand?post=37224"},{"taxonomy":"product_cat","embeddable":true,"href":"https:\/\/www.mapaho.com\/pl\/wp-json\/wp\/v2\/product_cat?post=37224"},{"taxonomy":"product_tag","embeddable":true,"href":"https:\/\/www.mapaho.com\/pl\/wp-json\/wp\/v2\/product_tag?post=37224"}],"curies":[{"name":"wp","href":"https:\/\/api.w.org\/{rel}","templated":true}]}}