{"id":37216,"date":"2025-11-22T21:40:39","date_gmt":"2025-11-22T20:40:39","guid":{"rendered":"https:\/\/www.mapaho.com\/shop\/gps-mt30-z-karta-sim-na-5-lat\/"},"modified":"2025-12-07T13:20:00","modified_gmt":"2025-12-07T12:20:00","slug":"gps-mt30-z-karta-sim-na-5-lat","status":"publish","type":"product","link":"https:\/\/www.mapaho.com\/pl\/shop\/gps-mt30-z-karta-sim-na-5-lat\/","title":{"rendered":"GPS &#8211; MT30 z kart\u0105 SIM na 5 lat"},"content":{"rendered":"<p data-start=\"45\" data-end=\"488\"><strong>85 mm x 58 mm x 29 mm<\/strong><\/p>\n<p data-start=\"45\" data-end=\"488\"><strong data-start=\"45\" data-end=\"118\">Bardzo dobry lokalizator GPS, kt\u00f3ry dzia\u0142a na w\u0142asnym zasilaniu.<\/strong><br data-start=\"118\" data-end=\"121\">Jest wyposa\u017cony w wydajny akumulator 6000 mAh. Lokalizator dzia\u0142a na w\u0142asnym akumulatorze do 60 dni. W praktyce, przy codziennym ruchu pojazdu, czas pracy wynosi oko\u0142o 20 dni. Urz\u0105dzenie dzia\u0142a bardzo precyzyjnie \u2013 lokalizuje za pomoc\u0105 satelit\u00f3w GPS oraz dodatkowo nadajnik\u00f3w GSM. Anteny GPS i GSM s\u0105 ju\u017c zintegrowane.    <\/p>\n<hr data-start=\"490\" data-end=\"493\">\n<h3 data-start=\"495\" data-end=\"524\"><strong data-start=\"499\" data-end=\"524\">Jak to dzia\u0142a?<\/strong><\/h3>\n<p data-start=\"526\" data-end=\"871\">Otrzymuj\u0105 Pa\u0144stwo od nas kompletny lokalizator GPS, kt\u00f3rego akumulator jest ju\u017c na\u0142adowany. Urz\u0105dzenie nale\u017cy jedynie w\u0142\u0105czy\u0107 prze\u0142\u0105cznikiem i zamontowa\u0107 w samochodzie, motocyklu, \u0142odzi, maszynie budowlanej lub innym cennym przedmiocie. Monta\u017c jest prosty \u2013 urz\u0105dzenie mocuje si\u0119 szybko dzi\u0119ki wbudowanemu magnesowi.  <\/p>\n<p data-start=\"873\" data-end=\"1203\">Lokalizator posiada silne odbiorniki\/anteny GPS i GSM, dlatego mo\u017ce by\u0107 zamontowany r\u00f3wnie\u017c pod blach\u0105 lub nawet pod pojazdem. Zestaw posiada klas\u0119 wodoodporno\u015bci IPX5, jednak w przypadku monta\u017cu zewn\u0119trznego, dla ostro\u017cno\u015bci, zalecamy u\u017cycie do\u0142\u0105czonej folii ochronnej (folia + ta\u015bma w zestawie). <\/p>\n<p data-start=\"1205\" data-end=\"1406\">Teraz mog\u0105 Pa\u0144stwo \u015bledzi\u0107 na \u017cywo, jak porusza si\u0119 Pa\u0144stwa pojazd, lub sprawdzi\u0107 jego tras\u0119 do 6 miesi\u0119cy wstecz \u2013 bezpo\u015brednio na Pa\u0144stwa smartfonie lub komputerze w przejrzystej niemieckiej aplikacji.<\/p>\n<hr data-start=\"1408\" data-end=\"1411\">\n<h3 data-start=\"1413\" data-end=\"1427\"><strong data-start=\"1417\" data-end=\"1427\">Koszty<\/strong><\/h3>\n<p data-start=\"1505\" data-end=\"1634\">P\u0142ac\u0105 Pa\u0144stwo tylko za lokalizator GPS. Nie ma <strong data-start=\"1548\" data-end=\"1580\">\u017cadnych op\u0142at abonamentowych<\/strong> za dost\u0119p do serwera \u2013 ani teraz, ani w przysz\u0142o\u015bci. <\/p>\n<p data-start=\"1636\" data-end=\"1956\">W ZESTAWIE na\u0142adowana karta SIM na 5 LAT! BEZ ABONAMENTU! Jedna cena &#8211; 5 lat dzia\u0142ania!  <\/p>\n<hr data-start=\"1919\" data-end=\"1922\">\n<h3 data-start=\"1924\" data-end=\"1984\"><strong data-start=\"1928\" data-end=\"1984\">Czy chcieliby Pa\u0144stwo zobaczy\u0107, jak to dzia\u0142a przed zakupem?<\/strong><\/h3>\n<p data-start=\"1986\" data-end=\"2120\">Prosimy napisa\u0107 do nas lub zadzwoni\u0107 \u2013 prze\u015blemy Pa\u0144stwu dost\u0119p do naszego konta demo, na kt\u00f3rym b\u0119d\u0105 Pa\u0144stwo mogli zobaczy\u0107 ruch prawdziwego pojazdu.<\/p>\n<p data-start=\"2122\" data-end=\"2215\">Platforma (internetowa): <strong data-start=\"2139\" data-end=\"2158\">xxxx.pl<\/strong><br data-start=\"2158\" data-end=\"2161\">Aplikacja mobilna: <strong data-start=\"2177\" data-end=\"2189\">xxxxxx<\/strong> (Google Play &amp; App Store)<\/p>\n<hr data-start=\"2217\" data-end=\"2220\">\n<h3 data-start=\"2222\" data-end=\"2239\"><strong data-start=\"2226\" data-end=\"2239\">Zalety:<\/strong><\/h3>\n<ul data-start=\"2241\" data-end=\"2635\">\n<li data-start=\"2241\" data-end=\"2265\">\n<p data-start=\"2243\" data-end=\"2265\">60 dni czasu czuwania<\/p>\n<\/li>\n<li data-start=\"2266\" data-end=\"2296\">\n<p data-start=\"2268\" data-end=\"2296\">20 dni rzeczywistego czasu pracy<\/p>\n<\/li>\n<li data-start=\"2297\" data-end=\"2315\">\n<p data-start=\"2299\" data-end=\"2315\">Akumulator 6000 mAh<\/p>\n<\/li>\n<li data-start=\"2316\" data-end=\"2343\">\n<p data-start=\"2318\" data-end=\"2343\">Lokalizacja przez GPS i GSM<\/p>\n<\/li>\n<li data-start=\"2344\" data-end=\"2379\">\n<p data-start=\"2346\" data-end=\"2379\">Aktualizacja co 10 sekund<\/p>\n<\/li>\n<li data-start=\"2380\" data-end=\"2405\">\n<p data-start=\"2382\" data-end=\"2405\">Wbudowana pami\u0119\u0107<\/p>\n<\/li>\n<li data-start=\"2406\" data-end=\"2431\">\n<p data-start=\"2408\" data-end=\"2431\">Status akumulatora w aplikacji<\/p>\n<\/li>\n<li data-start=\"2432\" data-end=\"2462\">\n<p data-start=\"2434\" data-end=\"2462\">Silny wbudowany magnes<\/p>\n<\/li>\n<li data-start=\"2463\" data-end=\"2487\">\n<p data-start=\"2465\" data-end=\"2487\">Nawigacja do urz\u0105dzenia<\/p>\n<\/li>\n<li data-start=\"2488\" data-end=\"2530\">\n<p data-start=\"2490\" data-end=\"2530\">Czujnik sabota\u017cu \/ optyczny przycisk oderwania<\/p>\n<\/li>\n<li data-start=\"2531\" data-end=\"2556\">\n<p data-start=\"2533\" data-end=\"2556\">Wodoodporno\u015b\u0107 IPX5<\/p>\n<\/li>\n<li data-start=\"2557\" data-end=\"2593\">\n<p data-start=\"2559\" data-end=\"2593\">Udost\u0119pnianie lokalizacji innym<\/p>\n<\/li>\n<li data-start=\"2594\" data-end=\"2635\">\n<p data-start=\"2596\" data-end=\"2635\">Aplikacja na Android &amp; iPhone + portal internetowy<\/p>\n<\/li>\n<\/ul>\n<hr data-start=\"2637\" data-end=\"2640\">\n<h3 data-start=\"2642\" data-end=\"2662\"><strong data-start=\"2646\" data-end=\"2662\">Zestaw zawiera:<\/strong><\/h3>\n<ul data-start=\"2664\" data-end=\"2772\">\n<li data-start=\"2664\" data-end=\"2705\">\n<p data-start=\"2666\" data-end=\"2705\">Kompletny lokalizator GPS model MT30<\/p>\n<\/li>\n<li data-start=\"2706\" data-end=\"2727\">\n<p data-start=\"2708\" data-end=\"2727\">\u0141adowarka kontaktowa<\/p>\n<\/li>\n<li data-start=\"2728\" data-end=\"2758\">\n<p data-start=\"2730\" data-end=\"2758\">Folie ochronne + ta\u015bma izolacyjna<\/p>\n<\/li>\n<li data-start=\"2759\" data-end=\"2772\">\n<p data-start=\"2761\" data-end=\"2772\">Karta SIM<\/p>\n<\/li>\n<\/ul>\n<hr data-start=\"2774\" data-end=\"2777\">\n<h3 data-start=\"2779\" data-end=\"2803\"><strong data-start=\"2783\" data-end=\"2803\">Dane techniczne<\/strong><\/h3>\n<ul data-start=\"2805\" data-end=\"3114\">\n<li data-start=\"2805\" data-end=\"2846\">\n<p data-start=\"2807\" data-end=\"2846\">Cz\u0119stotliwo\u015bci GSM: 850\/900\/1800\/1900 MHz<\/p>\n<\/li>\n<li data-start=\"2847\" data-end=\"2878\">\n<p data-start=\"2849\" data-end=\"2878\">Chipset GPS: MTK, 66 kana\u0142\u00f3w<\/p>\n<\/li>\n<li data-start=\"2879\" data-end=\"2908\">\n<p data-start=\"2881\" data-end=\"2908\">Dok\u0142adno\u015b\u0107 lokalizacji: &gt; 5 m<\/p>\n<\/li>\n<li data-start=\"2909\" data-end=\"2937\">\n<p data-start=\"2911\" data-end=\"2937\">Czu\u0142o\u015b\u0107: 165 dBm<\/p>\n<\/li>\n<li data-start=\"2938\" data-end=\"2984\">\n<p data-start=\"2940\" data-end=\"2984\">Wbudowany akumulator: Li-Po 6000 mAh \/ 3,7 V<\/p>\n<\/li>\n<li data-start=\"2985\" data-end=\"3016\">\n<p data-start=\"2987\" data-end=\"3016\">Napi\u0119cie zasilania: 5 V DC<\/p>\n<\/li>\n<li data-start=\"3017\" data-end=\"3043\">\n<p data-start=\"3019\" data-end=\"3043\">Wodoodporno\u015b\u0107: IPX5<\/p>\n<\/li>\n<li data-start=\"3044\" data-end=\"3081\">\n<p data-start=\"3046\" data-end=\"3081\">Temperatura pracy: \u221220\u2103 do +70\u2103<\/p>\n<\/li>\n<li data-start=\"3082\" data-end=\"3114\">\n<p data-start=\"3084\" data-end=\"3114\">Wymiary: 85 \u00d7 58 \u00d7 29 mm<\/p>\n<\/li>\n<\/ul>\n","protected":false},"excerpt":{"rendered":"<p>85 mm x 58 mm x 29 mm Bardzo dobry lokalizator GPS, kt\u00f3ry dzia\u0142a na w\u0142asnym zasilaniu.Jest wyposa\u017cony w wydajny<\/p>\n","protected":false},"featured_media":37214,"comment_status":"open","ping_status":"closed","template":"","meta":{"advanced_seo_description":"","jetpack_seo_html_title":"","jetpack_seo_noindex":false},"product_brand":[],"product_cat":[81],"product_tag":[],"class_list":{"0":"post-37216","1":"product","2":"type-product","3":"status-publish","4":"has-post-thumbnail","6":"product_cat-tracker","8":"first","9":"instock","10":"sale","11":"taxable","12":"shipping-taxable","13":"purchasable","14":"product-type-simple"},"jetpack_sharing_enabled":true,"_links":{"self":[{"href":"https:\/\/www.mapaho.com\/pl\/wp-json\/wp\/v2\/product\/37216","targetHints":{"allow":["GET"]}}],"collection":[{"href":"https:\/\/www.mapaho.com\/pl\/wp-json\/wp\/v2\/product"}],"about":[{"href":"https:\/\/www.mapaho.com\/pl\/wp-json\/wp\/v2\/types\/product"}],"replies":[{"embeddable":true,"href":"https:\/\/www.mapaho.com\/pl\/wp-json\/wp\/v2\/comments?post=37216"}],"wp:featuredmedia":[{"embeddable":true,"href":"https:\/\/www.mapaho.com\/pl\/wp-json\/wp\/v2\/media\/37214"}],"wp:attachment":[{"href":"https:\/\/www.mapaho.com\/pl\/wp-json\/wp\/v2\/media?parent=37216"}],"wp:term":[{"taxonomy":"product_brand","embeddable":true,"href":"https:\/\/www.mapaho.com\/pl\/wp-json\/wp\/v2\/product_brand?post=37216"},{"taxonomy":"product_cat","embeddable":true,"href":"https:\/\/www.mapaho.com\/pl\/wp-json\/wp\/v2\/product_cat?post=37216"},{"taxonomy":"product_tag","embeddable":true,"href":"https:\/\/www.mapaho.com\/pl\/wp-json\/wp\/v2\/product_tag?post=37216"}],"curies":[{"name":"wp","href":"https:\/\/api.w.org\/{rel}","templated":true}]}}