{"id":37200,"date":"2025-11-27T10:12:45","date_gmt":"2025-11-27T09:12:45","guid":{"rendered":"https:\/\/www.mapaho.com\/regulamin\/"},"modified":"2025-11-27T10:16:47","modified_gmt":"2025-11-27T09:16:47","slug":"regulamin","status":"publish","type":"page","link":"https:\/\/www.mapaho.com\/pl\/regulamin\/","title":{"rendered":"Regulamin"},"content":{"rendered":"\n<ul id=\"wd-e079dd77\" class=\"wp-block-wd-list wd-list wd-type-ordered wd-style-default\">\n<li id=\"wd-13e41dda\" class=\"wp-block-wd-list-item\"><div class=\"wd-icon\"><\/div><span class=\"wd-list-content\"><strong>\u00a7 1 Zakres obowi\u0105zywania<\/strong><br\/>(1) Niniejszy Regulamin ma zastosowanie do wszystkich um\u00f3w, dostaw i innych us\u0142ug \u015bwiadczonych przez<br\/>PalmGroup.eu<br\/>Markus Palm<br\/>ul. Towarowa 23<br\/>43-100 Tychy<br\/>Polska<br\/>(zwany dalej Sprzedawc\u0105)<br\/>z klientami (zwanymi dalej Klientem) za po\u015brednictwem sklepu internetowego www.mapaho.com<br\/><br\/>(2) Odmienne warunki Klienta nie s\u0105 uznawane, chyba \u017ce Sprzedawca wyra\u017anie wyrazi na nie pisemn\u0105 zgod\u0119.<\/span><\/li>\n\n\n\n<li id=\"wd-df57600d\" class=\"wp-block-wd-list-item\"><div class=\"wd-icon\"><\/div><span class=\"wd-list-content\"><strong>\u00a72 Zawarcie umowy<\/strong><br\/>(1) Prezentacja produkt\u00f3w w sklepie internetowym nie stanowi prawnie wi\u0105\u017c\u0105cej oferty, lecz niewi\u0105\u017c\u0105ce zaproszenie do z\u0142o\u017cenia zam\u00f3wienia.<br\/>(2) Poprzez wys\u0142anie zam\u00f3wienia Klient sk\u0142ada wi\u0105\u017c\u0105c\u0105 ofert\u0119. Sprzedawca mo\u017ce j\u0105 przyj\u0105\u0107 w ci\u0105gu 5 dni. Automatycznie wys\u0142ane potwierdzenie zam\u00f3wienia nie stanowi jeszcze przyj\u0119cia oferty.<br\/>(3) Tre\u015b\u0107 umowy jest przechowywana przez Sprzedawc\u0119 i przesy\u0142ana Klientowi poczt\u0105 elektroniczn\u0105 po zawarciu umowy.<\/span><\/li>\n\n\n\n<li id=\"wd-9ea52f67\" class=\"wp-block-wd-list-item\"><div class=\"wd-icon\"><\/div><span class=\"wd-list-content\"><strong>\u00a73 Ceny i warunki p\u0142atno\u015bci<\/strong><br\/>(1) Wszystkie ceny zawieraj\u0105 ustawowy podatek VAT.<br\/>(2) Koszty wysy\u0142ki s\u0105 podawane oddzielnie przed z\u0142o\u017ceniem zam\u00f3wienia.<br\/>(3) Akceptowane metody p\u0142atno\u015bci: [PayPal, karta kredytowa, Klarna, przedp\u0142ata, faktura (tylko dla instytucji publicznych i klient\u00f3w biznesowych po weryfikacji zdolno\u015bci kredytowej)].<br\/>(4) W przypadku p\u0142atno\u015bci z g\u00f3ry, cena zakupu jest p\u0142atna natychmiast po zawarciu umowy.<\/span><\/li>\n\n\n\n<li id=\"wd-38c05423\" class=\"wp-block-wd-list-item\"><div class=\"wd-icon\"><\/div><span class=\"wd-list-content\"><strong>\u00a74 Warunki dostawy i wysy\u0142ki<\/strong><br\/>(1) Dostawa odbywa si\u0119 na adres dostawy podany przez Klienta.<br\/>(2) Terminy dostaw s\u0105 niewi\u0105\u017c\u0105ce, chyba \u017ce zosta\u0142y wyra\u017anie uzgodnione jako wi\u0105\u017c\u0105ce.<br\/>(3) Dostawy cz\u0119\u015bciowe s\u0105 dopuszczalne, o ile s\u0105 dla Klienta rozs\u0105dne.<\/span><\/li>\n\n\n\n<li id=\"wd-04c5b7b6\" class=\"wp-block-wd-list-item\"><div class=\"wd-icon\"><\/div><span class=\"wd-list-content\"><strong>\u00a75 Zastrze\u017cenie w\u0142asno\u015bci<\/strong><br\/>Dostarczony towar pozostaje w\u0142asno\u015bci\u0105 Sprzedawcy do momentu pe\u0142nej zap\u0142aty.<\/span><\/li>\n\n\n\n<li id=\"wd-4a9c77c7\" class=\"wp-block-wd-list-item\"><div class=\"wd-icon\"><\/div><span class=\"wd-list-content\"><strong>\u00a76 Prawo odst\u0105pienia od umowy<\/strong><br\/>Konsumenci maj\u0105 ustawowe prawo odst\u0105pienia od umowy. Pe\u0142n\u0105 informacj\u0119 o prawie odst\u0105pienia od umowy znajd\u0105 Pa\u0144stwo tutaj: <a href=\"https:\/\/www.mapaho.com\/pl\/pouczenie-o-odstapieniu-od-umowy\/\" data-type=\"page\" data-id=\"11\">Informacja o prawie odst\u0105pienia od umowy<\/a>.<\/span><\/li>\n\n\n\n<li id=\"wd-5c41b0f3\" class=\"wp-block-wd-list-item\"><div class=\"wd-icon\"><\/div><span class=\"wd-list-content\"><strong>\u00a77 Gwarancja i odpowiedzialno\u015b\u0107<\/strong><br\/>(1) Obowi\u0105zuj\u0105 ustawowe prawa gwarancyjne.<br\/>(2) W przypadku towar\u00f3w u\u017cywanych okres gwarancji wynosi 12 miesi\u0119cy od daty dostawy.<br\/>(3) Sprzedawca ponosi nieograniczon\u0105 odpowiedzialno\u015b\u0107 w przypadku umy\u015blnego dzia\u0142ania, ra\u017c\u0105cego niedbalstwa, naruszenia \u017cycia, cia\u0142a lub zdrowia, a tak\u017ce zgodnie z ustaw\u0105 o odpowiedzialno\u015bci za produkt.<br\/>(4) W pozosta\u0142ych przypadkach odpowiedzialno\u015b\u0107 jest ograniczona do typowych dla umowy, przewidywalnych szk\u00f3d.<\/span><\/li>\n\n\n\n<li id=\"wd-613cb535\" class=\"wp-block-wd-list-item\"><div class=\"wd-icon\"><\/div><span class=\"wd-list-content\"><strong>\u00a78 Szczeg\u00f3lne wskaz\u00f3wki dotycz\u0105ce zgodnego z przeznaczeniem u\u017cytkowania<\/strong><br\/>(1) Oferowane lokalizatory GPS mog\u0105 by\u0107 u\u017cywane wy\u0142\u0105cznie w celach zgodnych z prawem (np. lokalizacja pojazdu za zgod\u0105 w\u0142a\u015bciciela, dochodzenia prowadzone przez uprawnione osoby).<br\/>(2) Nadu\u017cycie w celu nieuprawnionego monitorowania os\u00f3b trzecich jest karalne. Klient ponosi wy\u0142\u0105czn\u0105 odpowiedzialno\u015b\u0107 za przestrzeganie wszystkich przepis\u00f3w prawnych.<br\/>(3) Sprzedawca nie ponosi odpowiedzialno\u015bci za szkody powsta\u0142e w wyniku u\u017cytkowania.<\/span><\/li>\n\n\n\n<li id=\"wd-bc6d631b\" class=\"wp-block-wd-list-item\"><div class=\"wd-icon\"><\/div><span class=\"wd-list-content\"><strong>\u00a79 Ochrona danych<\/strong><br\/>Przetwarzanie danych osobowych odbywa si\u0119 zgodnie z nasz\u0105 <a href=\"https:\/\/www.mapaho.com\/pl\/polityka-prywatnosci\/\" data-type=\"page\" data-id=\"3\">Polityk\u0105 Prywatno\u015bci<\/a>.<\/span><\/li>\n\n\n\n<li id=\"wd-75ad0268\" class=\"wp-block-wd-list-item\"><div class=\"wd-icon\"><\/div><span class=\"wd-list-content\"><strong>\u00a7 10 Prawo w\u0142a\u015bciwe, jurysdykcja, klauzula salwatoryjna<\/strong><br\/>(1) Obowi\u0105zuje prawo niemieckie z wy\u0142\u0105czeniem Konwencji ONZ o umowach mi\u0119dzynarodowej sprzeda\u017cy towar\u00f3w.<br\/>(2) Je\u017celi Klient jest przedsi\u0119biorc\u0105, osob\u0105 prawn\u0105 prawa publicznego lub specjalnym funduszem publiczno-prawnym, s\u0105dem w\u0142a\u015bciwym dla wszystkich spor\u00f3w jest Polska.<br\/>(3) Je\u017celi kt\u00f3rekolwiek postanowienie niniejszego Regulaminu oka\u017ce si\u0119 niewa\u017cne lub stanie si\u0119 niewa\u017cne, wa\u017cno\u015b\u0107 pozosta\u0142ych postanowie\u0144 pozostaje nienaruszona.<\/span><\/li>\n<\/ul>\n\n<p id=\"wd-b5602a51\" class=\"wp-block-wd-paragraph\">Stan: listopad 2025<\/p>\n\n<p><\/p>\n","protected":false},"excerpt":{"rendered":"","protected":false},"author":1,"featured_media":0,"parent":0,"menu_order":0,"comment_status":"closed","ping_status":"closed","template":"","meta":{"advanced_seo_description":"","jetpack_seo_html_title":"","jetpack_seo_noindex":false,"footnotes":""},"class_list":["post-37200","page","type-page","status-publish","hentry"],"jetpack_sharing_enabled":true,"_links":{"self":[{"href":"https:\/\/www.mapaho.com\/pl\/wp-json\/wp\/v2\/pages\/37200","targetHints":{"allow":["GET"]}}],"collection":[{"href":"https:\/\/www.mapaho.com\/pl\/wp-json\/wp\/v2\/pages"}],"about":[{"href":"https:\/\/www.mapaho.com\/pl\/wp-json\/wp\/v2\/types\/page"}],"author":[{"embeddable":true,"href":"https:\/\/www.mapaho.com\/pl\/wp-json\/wp\/v2\/users\/1"}],"replies":[{"embeddable":true,"href":"https:\/\/www.mapaho.com\/pl\/wp-json\/wp\/v2\/comments?post=37200"}],"version-history":[{"count":1,"href":"https:\/\/www.mapaho.com\/pl\/wp-json\/wp\/v2\/pages\/37200\/revisions"}],"predecessor-version":[{"id":37201,"href":"https:\/\/www.mapaho.com\/pl\/wp-json\/wp\/v2\/pages\/37200\/revisions\/37201"}],"wp:attachment":[{"href":"https:\/\/www.mapaho.com\/pl\/wp-json\/wp\/v2\/media?parent=37200"}],"curies":[{"name":"wp","href":"https:\/\/api.w.org\/{rel}","templated":true}]}}