{"id":37192,"date":"2025-11-27T09:36:42","date_gmt":"2025-11-27T08:36:42","guid":{"rendered":"https:\/\/www.mapaho.com\/pouczenie-o-odstapieniu-od-umowy\/"},"modified":"2025-11-27T09:39:08","modified_gmt":"2025-11-27T08:39:08","slug":"pouczenie-o-odstapieniu-od-umowy","status":"publish","type":"page","link":"https:\/\/www.mapaho.com\/pl\/pouczenie-o-odstapieniu-od-umowy\/","title":{"rendered":"Pouczenie o odst\u0105pieniu od umowy"},"content":{"rendered":"\n<h2 class=\"wp-block-heading\">Prawo do odst\u0105pienia od umowy<\/h2>\n\n<p>Maj\u0105 Pa\u0144stwo prawo odst\u0105pi\u0107 od niniejszej umowy w terminie czternastu dni bez podania jakiejkolwiek przyczyny.<br\/>Termin do odst\u0105pienia od umowy wygasa po up\u0142ywie czternastu dni od dnia, w kt\u00f3rym weszli Pa\u0144stwo w posiadanie ostatniej z rzeczy lub w kt\u00f3rym osoba trzecia inna ni\u017c przewo\u017anik i wskazana przez Pa\u0144stwa wesz\u0142a w posiadanie ostatniej z rzeczy.<\/p>\n\n<p>Aby skorzysta\u0107 z prawa odst\u0105pienia od umowy, musz\u0105 Pa\u0144stwo poinformowa\u0107 nas:<\/p>\n\n<p>PalmGroup.eu<br\/>ul. Towarowa 22<br\/>43-100 Tychy<br\/>Poland<\/p>\n\n<p>o swojej decyzji o odst\u0105pieniu od niniejszej umowy w drodze jednoznacznego o\u015bwiadczenia (na przyk\u0142ad pismo wys\u0142ane poczt\u0105 lub poczt\u0105 elektroniczn\u0105). Mog\u0105 Pa\u0144stwo skorzysta\u0107 z wzoru formularza odst\u0105pienia od umowy, jednak nie jest to obowi\u0105zkowe.<\/p>\n\n<p id=\"wd-b4154820\" class=\"wp-block-wd-paragraph\">Aby zachowa\u0107 termin do odst\u0105pienia od umowy, wystarczy, aby wys\u0142ali Pa\u0144stwo informacj\u0119 dotycz\u0105c\u0105 wykonania przys\u0142uguj\u0105cego Pa\u0144stwu prawa odst\u0105pienia od umowy przed up\u0142ywem terminu do odst\u0105pienia od umowy.<\/p>\n\n<h2 id=\"wd-9a4cb2ae\" class=\"wp-block-wd-title title\">Skutki odst\u0105pienia od umowy<\/h2>\n\n<p>W przypadku odst\u0105pienia od niniejszej umowy zwracamy Pa\u0144stwu wszystkie otrzymane od Pa\u0144stwa p\u0142atno\u015bci, w tym koszty dostarczenia rzeczy (z wyj\u0105tkiem dodatkowych koszt\u00f3w wynikaj\u0105cych z wybranego przez Pa\u0144stwa sposobu dostarczenia innego ni\u017c najta\u0144szy zwyk\u0142y spos\u00f3b dostarczenia oferowany przez nas), niezw\u0142ocznie, a w ka\u017cdym przypadku nie p\u00f3\u017aniej ni\u017c 14 dni od dnia, w kt\u00f3rym zostali\u015bmy poinformowani o Pa\u0144stwa decyzji o wykonaniu prawa odst\u0105pienia od niniejszej umowy. Zwrotu p\u0142atno\u015bci dokonamy przy u\u017cyciu takich samych sposob\u00f3w p\u0142atno\u015bci, jakie zosta\u0142y przez Pa\u0144stwa u\u017cyte w pierwotnej transakcji, chyba \u017ce wyra\u017anie zgodzili\u015bcie si\u0119 Pa\u0144stwo na inne rozwi\u0105zanie; w ka\u017cdym przypadku nie ponios\u0105 Pa\u0144stwo \u017cadnych op\u0142at w zwi\u0105zku z tym zwrotem.<\/p>\n\n<p id=\"wd-f88fc727\" class=\"wp-block-wd-paragraph\">Mo\u017cemy wstrzyma\u0107 si\u0119 ze zwrotem p\u0142atno\u015bci do czasu otrzymania rzeczy lub do czasu dostarczenia nam dowodu jej odes\u0142ania, w zale\u017cno\u015bci od tego, kt\u00f3re zdarzenie nast\u0105pi wcze\u015bniej.<\/p>\n\n<p id=\"wd-3d3907cf\" class=\"wp-block-wd-paragraph\">Prosz\u0119 odes\u0142a\u0107 lub przekaza\u0107 nam rzecz niezw\u0142ocznie, a w ka\u017cdym razie nie p\u00f3\u017aniej ni\u017c 14 dni od dnia, w kt\u00f3rym poinformowali nas Pa\u0144stwo o odst\u0105pieniu od niniejszej umowy. Termin jest zachowany, je\u017celi ode\u015bl\u0105 Pa\u0144stwo rzecz przed up\u0142ywem terminu 14 dni.<\/p>\n\n<p id=\"wd-9ddb7879\" class=\"wp-block-wd-paragraph\">B\u0119d\u0105 Pa\u0144stwo musieli ponie\u015b\u0107 bezpo\u015brednie koszty zwrotu rzeczy.<\/p>\n\n<p id=\"wd-4fd08204\" class=\"wp-block-wd-paragraph\">Odpowiadaj\u0105 Pa\u0144stwo tylko za zmniejszenie warto\u015bci rzeczy wynikaj\u0105ce z korzystania z niej w spos\u00f3b inny ni\u017c by\u0142o to konieczne do stwierdzenia charakteru, cech i funkcjonowania rzeczy.<\/p>\n\n<h2 id=\"wd-edd7342a\" class=\"wp-block-wd-title title\">Wyj\u0105tki od prawa odst\u0105pienia od umowy<\/h2>\n\n<p id=\"wd-106092f9\" class=\"wp-block-wd-paragraph\">Prawo odst\u0105pienia od umowy nie przys\u0142uguje w odniesieniu do um\u00f3w dostawy towar\u00f3w dostarczanych w zapiecz\u0119towanym opakowaniu, kt\u00f3rych po otwarciu opakowania nie mo\u017cna zwr\u00f3ci\u0107 ze wzgl\u0119du na ochron\u0119 zdrowia lub ze wzgl\u0119d\u00f3w higienicznych, je\u017celi opakowanie zosta\u0142o otwarte po dostarczeniu (np. lokalizatory GPS z aktywowanym i spersonalizowanym oprogramowaniem, jednorazowo aktywowane karty SIM lub urz\u0105dzenia, w kt\u00f3rych zosta\u0142y usuni\u0119te plomby fabryczne).<\/p>\n\n<p id=\"wd-43b6028e\" class=\"wp-block-wd-paragraph\">(Wz\u00f3r formularza odst\u0105pienia od umowy jest dost\u0119pny do pobrania lub bezpo\u015brednio na stronie)<\/p>\n","protected":false},"excerpt":{"rendered":"<p>Prawo do odst\u0105pienia od umowy Maj\u0105 Pa\u0144stwo prawo odst\u0105pi\u0107 od niniejszej umowy w terminie czternastu dni bez podania jakiejkolwiek przyczyny.Termin<\/p>\n","protected":false},"author":1,"featured_media":0,"parent":0,"menu_order":0,"comment_status":"closed","ping_status":"closed","template":"","meta":{"advanced_seo_description":"","jetpack_seo_html_title":"","jetpack_seo_noindex":false,"footnotes":""},"class_list":["post-37192","page","type-page","status-publish","hentry"],"jetpack_sharing_enabled":true,"_links":{"self":[{"href":"https:\/\/www.mapaho.com\/pl\/wp-json\/wp\/v2\/pages\/37192","targetHints":{"allow":["GET"]}}],"collection":[{"href":"https:\/\/www.mapaho.com\/pl\/wp-json\/wp\/v2\/pages"}],"about":[{"href":"https:\/\/www.mapaho.com\/pl\/wp-json\/wp\/v2\/types\/page"}],"author":[{"embeddable":true,"href":"https:\/\/www.mapaho.com\/pl\/wp-json\/wp\/v2\/users\/1"}],"replies":[{"embeddable":true,"href":"https:\/\/www.mapaho.com\/pl\/wp-json\/wp\/v2\/comments?post=37192"}],"version-history":[{"count":1,"href":"https:\/\/www.mapaho.com\/pl\/wp-json\/wp\/v2\/pages\/37192\/revisions"}],"predecessor-version":[{"id":37193,"href":"https:\/\/www.mapaho.com\/pl\/wp-json\/wp\/v2\/pages\/37192\/revisions\/37193"}],"wp:attachment":[{"href":"https:\/\/www.mapaho.com\/pl\/wp-json\/wp\/v2\/media?parent=37192"}],"curies":[{"name":"wp","href":"https:\/\/api.w.org\/{rel}","templated":true}]}}