{"id":37187,"date":"2025-09-08T11:26:52","date_gmt":"2025-09-08T09:26:52","guid":{"rendered":"https:\/\/www.mapaho.com\/polityka-prywatnosci\/"},"modified":"2025-11-27T09:24:39","modified_gmt":"2025-11-27T08:24:39","slug":"polityka-prywatnosci","status":"publish","type":"page","link":"https:\/\/www.mapaho.com\/pl\/polityka-prywatnosci\/","title":{"rendered":"Polityka prywatno\u015bci"},"content":{"rendered":"\n<h2 class=\"wp-block-heading\">1. Administrator w rozumieniu RODO<\/h2>\n\n<p>Administratorem danych osobowych jest:<br\/>PalmGroup.eu<br\/>Markus Palm<br\/>ul. Towarowa 22<br\/>43-100 Tychy<br\/>Polska<br\/>E-mail: [noreply@mapaho.com (mailto:noreply@mapaho.com)]<br\/>Telefon: +48 662 614 000 <\/p>\n\n<h2 class=\"wp-block-heading\">2. Zbieranie i przechowywanie danych osobowych oraz rodzaj i cel ich wykorzystania<\/h2>\n\n<p><strong>a) Podczas odwiedzania strony internetowej<\/strong><br\/>Podczas odwiedzania naszej strony internetowej www.[mapaho].com przegl\u0105darka u\u017cywana na Pa\u0144stwa urz\u0105dzeniu ko\u0144cowym automatycznie przesy\u0142a informacje na serwer naszej strony internetowej. Informacje te s\u0105 tymczasowo przechowywane w tzw. pliku log\u00f3w.<\/p>\n\n<p>Nast\u0119puj\u0105ce informacje s\u0105 rejestrowane bez Pa\u0144stwa udzia\u0142u i przechowywane do automatycznego usuni\u0119cia:<\/p>\n\n<ul class=\"wp-block-list\">\n<li>adres IP komputera wysy\u0142aj\u0105cego \u017c\u0105danie (zanonimizowany),<\/li>\n\n\n\n<li>data i godzina dost\u0119pu,<\/li>\n\n\n\n<li>nazwa i adres URL pobieranego pliku,<\/li>\n\n\n\n<li>strona internetowa, z kt\u00f3rej nast\u0105pi\u0142 dost\u0119p (adres URL odsy\u0142aj\u0105cy),<\/li>\n\n\n\n<li>u\u017cywana przegl\u0105darka i ewentualnie system operacyjny Pa\u0144stwa komputera oraz nazwa dostawcy dost\u0119pu.<\/li>\n<\/ul>\n\n<p id=\"wd-0897866e\" class=\"wp-block-wd-paragraph\">Wymienione dane s\u0105 przez nas przetwarzane w nast\u0119puj\u0105cych celach:<\/p>\n\n<ul id=\"wd-4beb1a47\" class=\"wp-block-wd-list wd-list wd-type-unordered wd-style-default\">\n<li id=\"wd-3a25af2f\" class=\"wp-block-wd-list-item\"><div class=\"wd-icon\"><\/div><span class=\"wd-list-content\">zapewnienie p\u0142ynnego nawi\u0105zania po\u0142\u0105czenia ze stron\u0105 internetow\u0105,<\/span><\/li>\n\n\n\n<li id=\"wd-6e12f5b3\" class=\"wp-block-wd-list-item\"><div class=\"wd-icon\"><\/div><span class=\"wd-list-content\">zapewnienie komfortowego korzystania z naszej strony internetowej,<\/span><\/li>\n\n\n\n<li id=\"wd-da836934\" class=\"wp-block-wd-list-item\"><div class=\"wd-icon\"><\/div><span class=\"wd-list-content\">ocena bezpiecze\u0144stwa i stabilno\u015bci systemu oraz<\/span><\/li>\n\n\n\n<li id=\"wd-28339224\" class=\"wp-block-wd-list-item\"><div class=\"wd-icon\"><\/div><span class=\"wd-list-content\">w innych celach administracyjnych.<\/span><\/li>\n<\/ul>\n\n<p id=\"wd-cbbd8767\" class=\"wp-block-wd-paragraph\">Podstaw\u0105 prawn\u0105 przetwarzania danych jest art. 6 ust. 1 zdanie 1 lit. f RODO. Nasz uzasadniony interes wynika z wymienionych powy\u017cej cel\u00f3w zbierania danych.   <br\/><br\/><strong>b) Przy korzystaniu z naszego formularza kontaktowego \/ kontakt e-mailowy<\/strong><br\/>W przypadku pyta\u0144 wszelkiego rodzaju oferujemy Pa\u0144stwu mo\u017cliwo\u015b\u0107 nawi\u0105zania z nami kontaktu za pomoc\u0105 formularza dost\u0119pnego na stronie internetowej lub drog\u0105 e-mailow\u0105. Wymagane jest podanie wa\u017cnego adresu e-mail oraz imienia i nazwiska. Dalsze dane mog\u0105 by\u0107 podane dobrowolnie. Przetwarzanie danych w celu nawi\u0105zania kontaktu odbywa si\u0119 zgodnie z art. 6 ust. 1 zdanie 1 lit. a RODO na podstawie dobrowolnie udzielonej zgody lub w celu podj\u0119cia dzia\u0142a\u0144 przedumownych (art. 6 ust. 1 lit. b RODO).     <br\/><br\/><strong>c) Przy zawarciu umowy kupna<\/strong><br\/>W ramach zam\u00f3wienia przetwarzamy podane przez Pa\u0144stwa dane (forma grzeczno\u015bciowa, imi\u0119 i nazwisko, adres rozliczeniowy i dostawy, adres e-mail, numer telefonu, ewentualnie odmienny adres dostawy oraz dane p\u0142atno\u015bci) w celu realizacji umowy kupna i dostawy. Podstaw\u0105 prawn\u0105 jest art. 6 ust. 1 lit. b RODO (wykonanie umowy) oraz art. 6 ust. 1 lit. c RODO (ustawowe obowi\u0105zki przechowywania, w szczeg\u00f3lno\u015bci prawo podatkowe i handlowe).     <\/p>\n\n<h2 id=\"wd-c11b6d70\" class=\"wp-block-wd-title title\">3. Przekazywanie danych<\/h2>\n\n<p id=\"wd-e8e5a0d1\" class=\"wp-block-wd-paragraph\">Przekazywanie Pa\u0144stwa danych osobowych osobom trzecim w celach innych ni\u017c wymienione poni\u017cej nie ma miejsca.<br\/>Przekazujemy Pa\u0144stwa dane osobowe osobom trzecim tylko wtedy, gdy:<\/p>\n\n<ul id=\"wd-cf42f4dc\" class=\"wp-block-wd-list wd-list wd-type-unordered wd-style-default\">\n<li id=\"wd-f393bd73\" class=\"wp-block-wd-list-item\"><div class=\"wd-icon\"><\/div><span class=\"wd-list-content\">udzielili Pa\u0144stwo wyra\u017anej zgody zgodnie z art. 6 ust. 1 zdanie 1 lit. a RODO,  <\/span><\/li>\n\n\n\n<li id=\"wd-26ce7583\" class=\"wp-block-wd-list-item\"><div class=\"wd-icon\"><\/div><span class=\"wd-list-content\">jest to niezb\u0119dne zgodnie z art. 6 ust. 1 zdanie 1 lit. b RODO do realizacji stosunku umownego (np. dostawcom us\u0142ug kurierskich, dostawcom us\u0142ug p\u0142atniczych, doradcom podatkowym),  <\/span><\/li>\n\n\n\n<li id=\"wd-922c772e\" class=\"wp-block-wd-list-item\"><div class=\"wd-icon\"><\/div><span class=\"wd-list-content\">istnieje ustawowy obowi\u0105zek przekazania zgodnie z art. 6 ust. 1 zdanie 1 lit. c RODO,  <\/span><\/li>\n\n\n\n<li id=\"wd-88d82354\" class=\"wp-block-wd-list-item\"><div class=\"wd-icon\"><\/div><span class=\"wd-list-content\">przekazanie zgodnie z art. 6 ust. 1 zdanie 1 lit. f RODO jest niezb\u0119dne do dochodzenia, wykonywania lub obrony roszcze\u0144 prawnych i nie ma podstaw do przypuszczenia, \u017ce maj\u0105 Pa\u0144stwo przewa\u017caj\u0105cy godny ochrony interes w nieprzekazywaniu Pa\u0144stwa danych.  <\/span><\/li>\n<\/ul>\n\n<h2 id=\"wd-f7de0366\" class=\"wp-block-wd-title title\">4. Wykorzystywani us\u0142ugodawcy (podmioty przetwarzaj\u0105ce)<\/h2>\n\n<ul class=\"wp-block-list\">\n<li>Hosting: Hetzner Online GmbH<\/li>\n\n\n\n<li>Dostawcy p\u0142atno\u015bci: PayPal, Stripe, Klarna, giropay, przelew bankowy<\/li>\n\n\n\n<li>Wysy\u0142ka: DHL, DPD, Deutsche Post<\/li>\n\n\n\n<li>System zarz\u0105dzania towarami\/sklep: WooCommerce<\/li>\n\n\n\n<li>Newsletter: Mailchimp<\/li>\n<\/ul>\n\n<ol start=\"4\" class=\"wp-block-list\"><\/ol>\n\n<p id=\"wd-a1d0d7d8\" class=\"wp-block-wd-paragraph\">Ze wszystkimi podmiotami przetwarzaj\u0105cymi zawarta jest umowa powierzenia przetwarzania zgodnie z art. 28 RODO.<\/p>\n\n<h2 id=\"wd-07a73b07\" class=\"wp-block-wd-title title\">6. Prawa os\u00f3b, kt\u00f3rych dane dotycz\u0105<\/h2>\n\n<p id=\"wd-02523451\" class=\"wp-block-wd-paragraph\">Maj\u0105 Pa\u0144stwo prawo: <\/p>\n\n<ul id=\"wd-a7bb7652\" class=\"wp-block-wd-list wd-list wd-type-unordered wd-style-default\">\n<li id=\"wd-ed410790\" class=\"wp-block-wd-list-item\"><div class=\"wd-icon\"><\/div><span class=\"wd-list-content\">zgodnie z art. 15 RODO \u017c\u0105da\u0107 informacji o przetwarzanych przez nas Pa\u0144stwa danych osobowych;<\/span><\/li>\n\n\n\n<li id=\"wd-0f89ef6b\" class=\"wp-block-wd-list-item\"><div class=\"wd-icon\"><\/div><span class=\"wd-list-content\">zgodnie z art. 20 RODO otrzyma\u0107 Pa\u0144stwa dane osobowe w ustrukturyzowanym, powszechnie u\u017cywanym i nadaj\u0105cym si\u0119 do odczytu maszynowego formacie (przeno\u015bno\u015b\u0107 danych);<\/span><\/li>\n\n\n\n<li id=\"wd-f05ea33f\" class=\"wp-block-wd-list-item\"><div class=\"wd-icon\"><\/div><span class=\"wd-list-content\">zgodnie z art. 21 RODO wnie\u015b\u0107 sprzeciw wobec przetwarzania;<\/span><\/li>\n\n\n\n<li id=\"wd-1a06a80b\" class=\"wp-block-wd-list-item\"><div class=\"wd-icon\"><\/div><span class=\"wd-list-content\">zgodnie z art. 17 RODO, \u017c\u0105dania usuni\u0119cia Pana\/Pani danych osobowych przechowywanych przez nas (\u201eprawo do bycia zapomnianym&#8221;);<\/span><\/li>\n\n\n\n<li id=\"wd-c7a2d414\" class=\"wp-block-wd-list-item\"><div class=\"wd-icon\"><\/div><span class=\"wd-list-content\">zgodnie z art. 18 RODO \u017c\u0105da\u0107 ograniczenia przetwarzania;<\/span><\/li>\n\n\n\n<li id=\"wd-b8454310\" class=\"wp-block-wd-list-item\"><div class=\"wd-icon\"><\/div><span class=\"wd-list-content\">zgodnie z art. 77 RODO z\u0142o\u017cy\u0107 skarg\u0119 do organu nadzorczego.<\/span><\/li>\n<\/ul>\n\n<div id=\"wd-876af5e0\" class=\"wp-block-wd-row\">\n<div id=\"wd-5d055a1e\" class=\"wp-block-wd-column\">\n<div id=\"wd-c2dd5882\" class=\"wp-block-wd-container wd-dir-col\"\/>\n<\/div>\n<\/div>\n\n<h2 class=\"wp-block-heading\">7. Okres przechowywania i usuwanie<\/h2>\n\n<p>Przechowujemy Pa\u0144stwa dane osobowe tylko tak d\u0142ugo, jak jest to niezb\u0119dne do realizacji wymienionych powy\u017cej cel\u00f3w lub jak przewiduj\u0105 to ustawowe okresy przechowywania (w szczeg\u00f3lno\u015bci 10 lat zgodnie z AO i HGB). Nast\u0119pnie dane s\u0105 rutynowo usuwane. <\/p>\n\n<h2 class=\"wp-block-heading\">8. Bezpiecze\u0144stwo danych<\/h2>\n\n<p>Stosujemy powszechnie u\u017cywan\u0105 procedur\u0119 SSL\/TLS (https) w po\u0142\u0105czeniu z najwy\u017cszym poziomem szyfrowania obs\u0142ugiwanym przez Pa\u0144stwa przegl\u0105dark\u0119.<\/p>\n\n<h2 class=\"wp-block-heading\">9. Zmiana niniejszej polityki prywatno\u015bci<\/h2>\n\n<p>Zastrzegamy sobie prawo do dostosowania niniejszej polityki prywatno\u015bci w przypadku zmian prawnych lub technicznych. Obowi\u0105zuje zawsze wersja aktualnie opublikowana na stronie internetowej. <\/p>\n\n<p>Stan: listopad 2025<\/p>\n\n<p><\/p>\n\n<ol start=\"7\" class=\"wp-block-list\"><\/ol>\n\n<p><\/p>\n","protected":false},"excerpt":{"rendered":"<p>1. Administrator w rozumieniu RODO Administratorem danych osobowych jest:PalmGroup.euMarkus Palmul. Towarowa 2243-100 TychyPolskaE-mail: [noreply@mapaho.com (mailto:noreply@mapaho.com)]Telefon: +48 662 614 000 2.<\/p>\n","protected":false},"author":1,"featured_media":0,"parent":0,"menu_order":0,"comment_status":"closed","ping_status":"open","template":"","meta":{"advanced_seo_description":"","jetpack_seo_html_title":"","jetpack_seo_noindex":false,"footnotes":""},"class_list":["post-37187","page","type-page","status-publish","hentry"],"jetpack_sharing_enabled":true,"_links":{"self":[{"href":"https:\/\/www.mapaho.com\/pl\/wp-json\/wp\/v2\/pages\/37187","targetHints":{"allow":["GET"]}}],"collection":[{"href":"https:\/\/www.mapaho.com\/pl\/wp-json\/wp\/v2\/pages"}],"about":[{"href":"https:\/\/www.mapaho.com\/pl\/wp-json\/wp\/v2\/types\/page"}],"author":[{"embeddable":true,"href":"https:\/\/www.mapaho.com\/pl\/wp-json\/wp\/v2\/users\/1"}],"replies":[{"embeddable":true,"href":"https:\/\/www.mapaho.com\/pl\/wp-json\/wp\/v2\/comments?post=37187"}],"version-history":[{"count":1,"href":"https:\/\/www.mapaho.com\/pl\/wp-json\/wp\/v2\/pages\/37187\/revisions"}],"predecessor-version":[{"id":37188,"href":"https:\/\/www.mapaho.com\/pl\/wp-json\/wp\/v2\/pages\/37187\/revisions\/37188"}],"wp:attachment":[{"href":"https:\/\/www.mapaho.com\/pl\/wp-json\/wp\/v2\/media?parent=37187"}],"curies":[{"name":"wp","href":"https:\/\/api.w.org\/{rel}","templated":true}]}}