{"id":37173,"date":"2021-08-25T09:00:10","date_gmt":"2021-08-25T07:00:10","guid":{"rendered":"https:\/\/www.mapaho.com\/kontakt\/"},"modified":"2025-12-05T11:52:39","modified_gmt":"2025-12-05T10:52:39","slug":"kontakt","status":"publish","type":"page","link":"https:\/\/www.mapaho.com\/pl\/kontakt\/","title":{"rendered":"Kontakt"},"content":{"rendered":"\n<div id=\"wd-2cbd3882\" class=\"wp-block-wd-section\"\/>\n\n<div id=\"wd-a3b789a2\" class=\"wp-block-wd-row\">\n<div id=\"wd-5d530347\" class=\"wp-block-wd-column\">\n<p id=\"wd-36b48111\" class=\"wp-block-wd-paragraph\">CZ\u0118STO ZADAWANE PYTANIA<\/p>\n\n\n\n<h2 id=\"wd-c9724383\" class=\"wp-block-wd-title title\">CZ\u0118STO ZADAWANE PYTANIA<\/h2>\n\n\n\n<div id=\"wd-810b357c\" class=\"wp-block-wd-accordion wd-accordion wd-style-default wd-titles-start wd-opener-style-arrow wd-opener-pos-end\" data-state=\"first\">\n<div id=\"wd-c0cdcf1e\" class=\"wp-block-wd-accordion-pane wd-accordion-item\"><div class=\"wd-accordion-title wd-role-btn wd-active\" tabindex=\"0\"><div class=\"wd-accordion-title-text\"><span>Do jakich zastosowa\u0144 nadaj\u0105 si\u0119 Pa\u0144stwa urz\u0105dzenia lokalizacyjne?<\/span><\/div><span class=\"wd-accordion-opener\"><\/span><\/div><div class=\"wd-accordion-content wd-active\"><div class=\"wd-accordion-content-inner\">\n<p id=\"wd-18fa2221\" class=\"wp-block-wd-paragraph\">Nasze urz\u0105dzenia s\u0105 wykorzystywane mi\u0119dzy innymi do lokalizacji pojazd\u00f3w, zabezpieczenia przed kradzie\u017c\u0105, lokalizacji os\u00f3b i zwierz\u0105t, zarz\u0105dzania flot\u0105 oraz do aktywno\u015bci outdoorowych i sportowych. W zale\u017cno\u015bci od modelu dost\u0119pne s\u0105 r\u00f3\u017cne funkcje, takie jak \u015bledzenie w czasie rzeczywistym, geo-ogrodzenie, historia tras lub powiadomienia alarmowe. <\/p>\n<\/div><\/div><\/div>\n\n\n\n<div id=\"wd-eb8e0dfd\" class=\"wp-block-wd-accordion-pane wd-accordion-item\"><div class=\"wd-accordion-title wd-role-btn\" tabindex=\"0\"><div class=\"wd-accordion-title-text\"><span>Jak mog\u0119 skonfigurowa\u0107 i zarz\u0105dza\u0107 moim trackerem?<\/span><\/div><span class=\"wd-accordion-opener\"><\/span><\/div><div class=\"wd-accordion-content\"><div class=\"wd-accordion-content-inner\">\n<p id=\"wd-7199724e\" class=\"wp-block-wd-paragraph\">Wi\u0119kszo\u015b\u0107 urz\u0105dze\u0144 mo\u017cna skonfigurowa\u0107 za pomoc\u0105 aplikacji lub platformy internetowej. Po aktywacji trackera mo\u017cna pobiera\u0107 pozycje na \u017cywo, ustawia\u0107 alarmy i przegl\u0105da\u0107 histori\u0119 tras. Do ka\u017cdego urz\u0105dzenia dostarczamy \u0142atwo zrozumia\u0142\u0105 instrukcj\u0119.  <\/p>\n<\/div><\/div><\/div>\n\n\n\n<div id=\"wd-96c78318\" class=\"wp-block-wd-accordion-pane wd-accordion-item\"><div class=\"wd-accordion-title wd-role-btn\" tabindex=\"0\"><div class=\"wd-accordion-title-text\"><span>Jaka jest r\u00f3\u017cnica mi\u0119dzy trackerem BLE a trackerem GPS?<\/span><\/div><span class=\"wd-accordion-opener\"><\/span><\/div><div class=\"wd-accordion-content\"><div class=\"wd-accordion-content-inner\">\n<p id=\"wd-3cfb3c83\" class=\"wp-block-wd-paragraph\"><strong>Trackery BLE<\/strong> (Bluetooth Low Energy) dzia\u0142aj\u0105 przy szczeg\u00f3lnie niskim zu\u017cyciu energii i <strong>nie wymagaj\u0105 karty SIM<\/strong>. Dzi\u0119ki temu osi\u0105gaj\u0105 <g id=\"gid_2\">bardzo d\u0142ugi czas pracy baterii<\/g>, jednak zazwyczaj <g id=\"gid_3\">nie s\u0105 \u0142adowalne<\/g>. Punkty lokalizacji s\u0105 odbierane <strong>w wi\u0119kszych i nieregularnych odst\u0119pach<\/strong>, a lokalizacja zale\u017cy od odbioru innych urz\u0105dze\u0144 obs\u0142uguj\u0105cych BLE.  <\/p>\n\n\n\n<p id=\"wd-bf335dcc\" class=\"wp-block-wd-paragraph\"><strong>Trackery GPS<\/strong> natomiast okre\u015blaj\u0105 swoj\u0105 pozycj\u0119 za pomoc\u0105 satelity i przesy\u0142aj\u0105 dane (najcz\u0119\u015bciej przez sie\u0107 kom\u00f3rkow\u0105) w <strong>regularnych, swobodnie konfigurowalnych odst\u0119pach<\/strong>. Oferuj\u0105 <strong>precyzyjn\u0105 lokalizacj\u0119 w czasie rzeczywistym<\/strong>, ale wymagaj\u0105 <strong>karty SIM<\/strong> i ze wzgl\u0119du na wy\u017csze zu\u017cycie energii maj\u0105 <strong>kr\u00f3tszy czas pracy akumulatora<\/strong> lub musz\u0105 by\u0107 cz\u0119\u015bciej \u0142adowane. <\/p>\n\n\n\n<p><strong>Kr\u00f3tko:<\/strong> BLE = niezwykle energooszcz\u0119dny, d\u0142ugi czas pracy, bez SIM, ale mniej dok\u0142adna i rzadsza lokalizacja. GPS = precyzyjna lokalizacja w czasie rzeczywistym, oparta na SIM, ale wy\u017csze zapotrzebowanie na energi\u0119. <\/p>\n<\/div><\/div><\/div>\n\n\n\n<div id=\"wd-280ee6b8\" class=\"wp-block-wd-accordion-pane wd-accordion-item\"><div class=\"wd-accordion-title wd-role-btn\" tabindex=\"0\"><div class=\"wd-accordion-title-text\"><span>Jak dok\u0142adna jest lokalizacja?<\/span><\/div><span class=\"wd-accordion-opener\"><\/span><\/div><div class=\"wd-accordion-content\"><div class=\"wd-accordion-content-inner\">\n<p id=\"wd-16ccb245\" class=\"wp-block-wd-paragraph\">Nowoczesne urz\u0105dzenia lokalizacyjne GPS osi\u0105gaj\u0105 dok\u0142adno\u015b\u0107 1\u20135 metr\u00f3w na otwartej przestrzeni. W budynkach lub g\u0119sto zabudowanych obszarach dok\u0142adno\u015b\u0107 mo\u017ce nieznacznie si\u0119 r\u00f3\u017cni\u0107 w zale\u017cno\u015bci od odbioru satelitarnego. <\/p>\n<\/div><\/div><\/div>\n\n\n\n<div id=\"wd-403ef5e6\" class=\"wp-block-wd-accordion-pane wd-accordion-item\"><div class=\"wd-accordion-title wd-role-btn\" tabindex=\"0\"><div class=\"wd-accordion-title-text\"><span>Czy potrzebuj\u0119 karty SIM do trackera GPS?<\/span><\/div><span class=\"wd-accordion-opener\"><\/span><\/div><div class=\"wd-accordion-content\"><div class=\"wd-accordion-content-inner\">\n<p id=\"wd-57f0b7f6\" class=\"wp-block-wd-paragraph\">Nie, nie musz\u0105 Pa\u0144stwo zaopatrywa\u0107 si\u0119 we w\u0142asn\u0105 kart\u0119 SIM. Nasze trackery GPS s\u0105 <g id=\"gid_0\">ju\u017c dostarczane ze zintegrowan\u0105 kart\u0105 SIM<\/g>, kt\u00f3ra obejmuje <g id=\"gid_1\">okres u\u017cytkowania 5 lat<\/g>. <g id=\"gid_2\">Pakiet danych na ten okres jest w pe\u0142ni wliczony w cen\u0119 zakupu<\/g>. Mog\u0105 Pa\u0144stwo wi\u0119c u\u017cywa\u0107 trackera od razu, bez dodatkowych koszt\u00f3w lub zawierania um\u00f3w.   <\/p>\n<\/div><\/div><\/div>\n<\/div>\n<\/div>\n\n\n\n<div id=\"wd-7f72411f\" class=\"wp-block-wd-column\">\n<p id=\"wd-1b058327\" class=\"wp-block-wd-paragraph\">MAJ\u0104 PA\u0143STWO PYTANIA?<\/p>\n\n\n\n<h2 id=\"wd-338b01a0\" class=\"wp-block-wd-title title\">NAPISZ DO NAS<\/h2>\n\n\n<div id=\"wd-1210f7f0\" class=\"wd-cf7 wd-1210f7f0\">\n<div class=\"wpcf7 no-js\" id=\"wpcf7-f1938-o1\" lang=\"de-DE\" dir=\"ltr\" data-wpcf7-id=\"1938\">\n<div class=\"screen-reader-response\"><p role=\"status\" aria-live=\"polite\" aria-atomic=\"true\"><\/p> <ul><\/ul><\/div>\n<form action=\"\/pl\/wp-json\/wp\/v2\/pages\/37173#wpcf7-f1938-o1\" method=\"post\" class=\"wpcf7-form init\" aria-label=\"Kontaktformular\" novalidate=\"novalidate\" data-status=\"init\">\n<fieldset class=\"hidden-fields-container\"><input type=\"hidden\" name=\"_wpcf7\" value=\"1938\" \/><input type=\"hidden\" name=\"_wpcf7_version\" value=\"6.1.5\" \/><input type=\"hidden\" name=\"_wpcf7_locale\" value=\"de_DE\" \/><input type=\"hidden\" name=\"_wpcf7_unit_tag\" value=\"wpcf7-f1938-o1\" \/><input type=\"hidden\" name=\"_wpcf7_container_post\" value=\"0\" \/><input type=\"hidden\" name=\"_wpcf7_posted_data_hash\" value=\"\" \/>\n<\/fieldset>\n<div class=\"wd-grid-g\">\n\t<div class=\"wd-grid-f-stretch\">\n\t\t<div class=\"wd-col\">\n\t\t\t<p><label>Your Name<\/label><span class=\"wpcf7-form-control-wrap\" data-name=\"your-name\"><input size=\"40\" maxlength=\"400\" class=\"wpcf7-form-control wpcf7-text wpcf7-validates-as-required\" aria-required=\"true\" aria-invalid=\"false\" value=\"\" type=\"text\" name=\"your-name\" \/><\/span>\n\t\t\t<\/p>\n\t\t<\/div>\n\t\t<div class=\"wd-col\">\n\t\t\t<p><label>Your Email<\/label><span class=\"wpcf7-form-control-wrap\" data-name=\"your-email\"><input size=\"40\" maxlength=\"400\" class=\"wpcf7-form-control wpcf7-email wpcf7-validates-as-required wpcf7-text wpcf7-validates-as-email\" aria-required=\"true\" aria-invalid=\"false\" value=\"\" type=\"email\" name=\"your-email\" \/><\/span>\n\t\t\t<\/p>\n\t\t<\/div>\n\t<\/div>\n\t<div class=\"wd-grid-f-stretch\">\n\t\t<div class=\"wd-col\">\n\t\t\t<p><label>Phone Number<\/label><span class=\"wpcf7-form-control-wrap\" data-name=\"tel-767\"><input size=\"40\" maxlength=\"400\" class=\"wpcf7-form-control wpcf7-tel wpcf7-text wpcf7-validates-as-tel\" aria-invalid=\"false\" value=\"\" type=\"tel\" name=\"tel-767\" \/><\/span>\n\t\t\t<\/p>\n\t\t<\/div>\n\t\t<div class=\"wd-col\">\n\t\t\t<p><label>Company<\/label><span class=\"wpcf7-form-control-wrap\" data-name=\"text-1\"><input size=\"40\" maxlength=\"400\" class=\"wpcf7-form-control wpcf7-text\" aria-invalid=\"false\" value=\"\" type=\"text\" name=\"text-1\" \/><\/span>\n\t\t\t<\/p>\n\t\t<\/div>\n\t<\/div>\n\t<div>\n\t\t<p><label>Your Message<\/label><span class=\"wpcf7-form-control-wrap\" data-name=\"your-message\"><textarea cols=\"40\" rows=\"10\" maxlength=\"2000\" class=\"wpcf7-form-control wpcf7-textarea\" aria-invalid=\"false\" name=\"your-message\"><\/textarea><\/span>\n\t\t<\/p>\n\t<\/div>\n\t<div>\n\t\t<p><input class=\"wpcf7-form-control wpcf7-submit has-spinner btn-color-black\" type=\"submit\" value=\"ASK A QUESTION\" \/>\n\t\t<\/p>\n\t<\/div>\n<\/div><div class=\"wpcf7-response-output\" aria-hidden=\"true\"><\/div>\n<\/form>\n<\/div>\n<\/div><\/div>\n<\/div>\n","protected":false},"excerpt":{"rendered":"","protected":false},"author":1,"featured_media":0,"parent":0,"menu_order":0,"comment_status":"closed","ping_status":"closed","template":"","meta":{"advanced_seo_description":"","jetpack_seo_html_title":"","jetpack_seo_noindex":false,"footnotes":""},"class_list":["post-37173","page","type-page","status-publish","hentry"],"jetpack_sharing_enabled":true,"_links":{"self":[{"href":"https:\/\/www.mapaho.com\/pl\/wp-json\/wp\/v2\/pages\/37173","targetHints":{"allow":["GET"]}}],"collection":[{"href":"https:\/\/www.mapaho.com\/pl\/wp-json\/wp\/v2\/pages"}],"about":[{"href":"https:\/\/www.mapaho.com\/pl\/wp-json\/wp\/v2\/types\/page"}],"author":[{"embeddable":true,"href":"https:\/\/www.mapaho.com\/pl\/wp-json\/wp\/v2\/users\/1"}],"replies":[{"embeddable":true,"href":"https:\/\/www.mapaho.com\/pl\/wp-json\/wp\/v2\/comments?post=37173"}],"version-history":[{"count":2,"href":"https:\/\/www.mapaho.com\/pl\/wp-json\/wp\/v2\/pages\/37173\/revisions"}],"predecessor-version":[{"id":37457,"href":"https:\/\/www.mapaho.com\/pl\/wp-json\/wp\/v2\/pages\/37173\/revisions\/37457"}],"wp:attachment":[{"href":"https:\/\/www.mapaho.com\/pl\/wp-json\/wp\/v2\/media?parent=37173"}],"curies":[{"name":"wp","href":"https:\/\/api.w.org\/{rel}","templated":true}]}}