{"id":37171,"date":"2021-08-25T07:26:28","date_gmt":"2021-08-25T05:26:28","guid":{"rendered":"https:\/\/www.mapaho.com\/o-nas\/"},"modified":"2025-11-25T12:11:28","modified_gmt":"2025-11-25T11:11:28","slug":"o-nas","status":"publish","type":"page","link":"https:\/\/www.mapaho.com\/pl\/o-nas\/","title":{"rendered":"O Nas"},"content":{"rendered":"\n<div id=\"wd-71e73bf2\" class=\"wp-block-wd-section\">\n<div id=\"wd-5ca05047\" class=\"wp-block-wd-row\">\n<div id=\"wd-a6d29b62\" class=\"wp-block-wd-column\">\n<p id=\"wd-9a74c592\" class=\"wp-block-wd-paragraph\">KILKA S\u0141\u00d3W O NAS<\/p>\n\n\n\n<h2 id=\"wd-84a29a4b\" class=\"wp-block-wd-title title wd-custom-width\">Dobrze skoordynowana praca zespo\u0142owa m\u00f3wi O Nas<\/h2>\n<\/div>\n\n\n\n<div id=\"wd-b38a92d6\" class=\"wp-block-wd-column\">\n<h2 id=\"wd-1dff8114\" class=\"wp-block-wd-title title\">Kochamy to, co robimy<\/h2>\n\n\n\n<p id=\"wd-a818c622\" class=\"wp-block-wd-paragraph wd-custom-width\">Ma\u0142a rzeka o nazwie Duden przep\u0142ywa obok ich miejsca i dostarcza niezb\u0119dnych regulacji.<\/p>\n\n\n\n<a id=\"wd-66d416c4\" class=\"wp-block-wd-button btn btn-style-link btn-color-primary btn-size-small\" href=\"#\"><span>Czytaj wi\u0119cej<\/span><\/a>\n<\/div>\n\n\n\n<div id=\"wd-80fc735b\" class=\"wp-block-wd-column\">\n<h2 id=\"wd-5c96156f\" class=\"wp-block-wd-title title\">Nasz proces pracy<\/h2>\n\n\n\n<p id=\"wd-87ae095c\" class=\"wp-block-wd-paragraph wd-custom-width\">Spakowa\u0142a swoje siedem wersalik\u00f3w, w\u0142o\u017cy\u0142a inicja\u0142y do paska i wyruszy\u0142a w drog\u0119.<\/p>\n\n\n\n<a id=\"wd-f1fc4ed3\" class=\"wp-block-wd-button btn btn-style-link btn-color-primary btn-size-small\" href=\"#\"><span>Czytaj wi\u0119cej<\/span><\/a>\n<\/div>\n<\/div>\n<\/div>\n\n<div id=\"wd-31bcbef8\" class=\"wp-block-wd-row\">\n<div id=\"wd-c60b3da1\" class=\"wp-block-wd-column\">\n<div id=\"wd-15d0e170\" class=\"wp-block-wd-image wd-block-image\"><img data-recalc-dims=\"1\" loading=\"lazy\" decoding=\"async\" width=\"580\" height=\"580\" class=\"wp-image-5215\" src=\"https:\/\/i0.wp.com\/www.mapaho.com\/wp-content\/uploads\/2021\/08\/about-us-3-image-1.jpg?resize=580%2C580&#038;ssl=1\" srcset=\"https:\/\/i0.wp.com\/www.mapaho.com\/wp-content\/uploads\/2021\/08\/about-us-3-image-1.jpg?w=580&amp;ssl=1 580w, https:\/\/i0.wp.com\/www.mapaho.com\/wp-content\/uploads\/2021\/08\/about-us-3-image-1.jpg?resize=430%2C430&amp;ssl=1 430w, https:\/\/i0.wp.com\/www.mapaho.com\/wp-content\/uploads\/2021\/08\/about-us-3-image-1.jpg?resize=150%2C150&amp;ssl=1 150w\" sizes=\"auto, (max-width: 580px) 100vw, 580px\" \/><\/div>\n<\/div>\n\n\n\n<div id=\"wd-8a8a9800\" class=\"wp-block-wd-column\">\n<p id=\"wd-9b2e7492\" class=\"wp-block-wd-paragraph\">POZORNIE ELEGANCKI DESIGN<\/p>\n\n\n\n<h2 id=\"wd-7e205a3c\" class=\"wp-block-wd-title title\">O naszym sklepie internetowym<\/h2>\n\n\n\n<p id=\"wd-0a8048cf\" class=\"wp-block-wd-paragraph\"><em>Ryzyko zawieszenia \u0142uku macicy p\u0142odu podtrzymuje zas\u0142on\u0119 naczyniow\u0105 z ultrad\u017awi\u0119kowym jeziorem w \u015brodku.<\/em><\/p>\n\n\n\n<p id=\"wd-543f6644\" class=\"wp-block-wd-paragraph\">Pewnego ranka, gdy Gregor Samsa obudzi\u0142 si\u0119 z niespokojnych sn\u00f3w, odkry\u0142, \u017ce zosta\u0142 przemieniony w swoim \u0142\u00f3\u017cku w strasznego robaka. Le\u017ca\u0142 na swoich pancernych plecach, a gdy uni\u00f3s\u0142 g\u0142ow\u0119, m\u00f3g\u0142 zobaczy\u0107 sw\u00f3j br\u0105zowy brzuch, lekko wypuk\u0142y i podzielony \u0142ukami na sztywne cz\u0119\u015bci.<\/p>\n\n\n\n<p id=\"wd-3a82ea14\" class=\"wp-block-wd-paragraph\">Dyktando przed wczesnym porodem ullamcorper w \u017cadnym fermentuj\u0105cym przyprawie skr\u0119caj\u0105cym si\u0119 reden potencjalnie \u017cywym przyprawowym dyktandzie id tellus zawieszonym wypuk\u0142ym przyprawowym.<\/p>\n\n\n\n<div id=\"wd-511e1e1f\" class=\"wp-block-wd-divider wd-style-line\"\/>\n\n\n\n<div id=\"wd-67b59ae8\" class=\"wp-block-wd-container wd-dir-row wd-align-is-lg-center\">\n<p id=\"wd-58fb9bf1\" class=\"wp-block-wd-paragraph\"><em><strong><a href=\"http:\/\/xtemos.com\/\">Stworzone przez <\/a> <a href=\"https:\/\/www.mapaho.com\/pl\/o-nas\/#\"><span class=\"wd-highlight\">X<\/span>temos Studio @ 2024<\/a><\/strong><\/em><\/p>\n\n\n\t\t\t<div\n\t\t\t\t\t\tid=\"wd-f71eaa25\"\n\t\t\t\t\t\tclass=\" wd-social-icons wd-layout-justify wd-style-colored-alt wd-size-small social-share wd-shape-circle  wd-f71eaa25\">\n\t\t\t\t\n\t\t\t\t\n\t\t\t\t\t\t\t\t\t<a rel=\"noopener noreferrer nofollow\" href=\"https:\/\/www.facebook.com\/sharer\/sharer.php?u=https:\/\/www.mapaho.com\/pl\/o-nas\/\" target=\"_blank\" class=\" wd-social-icon social-facebook\" aria-label=\"Facebook social link\">\n\t\t\t\t\t\t<span class=\"wd-icon\"><\/span>\n\t\t\t\t\t\t\t\t\t\t\t<\/a>\n\t\t\t\t\n\t\t\t\t\t\t\t\t\t<a rel=\"noopener noreferrer nofollow\" href=\"https:\/\/x.com\/share?url=https:\/\/www.mapaho.com\/pl\/o-nas\/\" target=\"_blank\" class=\" wd-social-icon social-twitter\" aria-label=\"X social link\">\n\t\t\t\t\t\t<span class=\"wd-icon\"><\/span>\n\t\t\t\t\t\t\t\t\t\t\t<\/a>\n\t\t\t\t\n\t\t\t\t\n\t\t\t\t\n\t\t\t\t\n\t\t\t\t\n\t\t\t\t\n\t\t\t\t\t\t\t\t\t<a rel=\"noopener noreferrer nofollow\" href=\"https:\/\/pinterest.com\/pin\/create\/button\/?url=https:\/\/www.mapaho.com\/pl\/o-nas\/&#038;media=https:\/\/www.mapaho.com\/wp-includes\/images\/media\/default.svg&#038;description=O%20Nas\" target=\"_blank\" class=\" wd-social-icon social-pinterest\" aria-label=\"Pinterest social link\">\n\t\t\t\t\t\t<span class=\"wd-icon\"><\/span>\n\t\t\t\t\t\t\t\t\t\t\t<\/a>\n\t\t\t\t\n\t\t\t\t\n\t\t\t\t\t\t\t\t\t<a rel=\"noopener noreferrer nofollow\" href=\"https:\/\/www.linkedin.com\/shareArticle?mini=true&#038;url=https:\/\/www.mapaho.com\/pl\/o-nas\/\" target=\"_blank\" class=\" wd-social-icon social-linkedin\" aria-label=\"Linkedin social link\">\n\t\t\t\t\t\t<span class=\"wd-icon\"><\/span>\n\t\t\t\t\t\t\t\t\t\t\t<\/a>\n\t\t\t\t\n\t\t\t\t\n\t\t\t\t\n\t\t\t\t\n\t\t\t\t\n\t\t\t\t\n\t\t\t\t\n\t\t\t\t\n\t\t\t\t\n\t\t\t\t\n\t\t\t\t\n\t\t\t\t\n\t\t\t\t\n\t\t\t\t\n\t\t\t\t\n\t\t\t\t\t\t\t\t\t<a rel=\"noopener noreferrer nofollow\" href=\"https:\/\/telegram.me\/share\/url?url=https:\/\/www.mapaho.com\/pl\/o-nas\/\" target=\"_blank\" class=\" wd-social-icon social-tg\" aria-label=\"Telegram social link\">\n\t\t\t\t\t\t<span class=\"wd-icon\"><\/span>\n\t\t\t\t\t\t\t\t\t\t\t<\/a>\n\t\t\t\t\n\t\t\t\t\n\t\t\t<\/div>\n\n\t\t<\/div>\n<\/div>\n<\/div>\n\n<p id=\"wd-49ca8ad7\" class=\"wp-block-wd-paragraph wd-align\">S\u0141OWA O NAS<\/p>\n\n<h2 id=\"wd-679835ad\" class=\"wp-block-wd-title title wd-align\">Nasz Zesp\u00f3\u0142<\/h2>\n\n<p id=\"wd-81731b7c\" class=\"wp-block-wd-paragraph wd-align\">Wypuk\u0142y ullamcorper aliquet ultrices orci z przedsionkiem lobortis by\u0142.<\/p>\n\n<div id=\"wd-bf53f4c8\" class=\"wp-block-wd-row\">\n<div id=\"wd-33d4796e\" class=\"wp-block-wd-column\">\n<div id=\"wd-a9f8674d\" class=\"wp-block-wd-team-member wd-align wd-design-1\">\n<div id=\"wd-f3626117\" class=\"wp-block-wd-image wd-block-image\"><img data-recalc-dims=\"1\" loading=\"lazy\" decoding=\"async\" width=\"400\" height=\"643\" class=\"wp-image-5216\" src=\"https:\/\/i0.wp.com\/www.mapaho.com\/wp-content\/uploads\/2021\/08\/about-us-3-team-member-1.jpg?resize=400%2C643&#038;ssl=1\" srcset=\"https:\/\/i0.wp.com\/www.mapaho.com\/wp-content\/uploads\/2021\/08\/about-us-3-team-member-1.jpg?w=400&amp;ssl=1 400w, https:\/\/i0.wp.com\/www.mapaho.com\/wp-content\/uploads\/2021\/08\/about-us-3-team-member-1.jpg?resize=150%2C241&amp;ssl=1 150w\" sizes=\"auto, (max-width: 400px) 100vw, 400px\" \/><\/div>\n\n\n\n<div id=\"wd-b657033f\" class=\"wp-block-wd-container wd-dir-col wd-dir-col-md wd-dir-col-sm\">\n<h2 id=\"wd-4ce4e219\" class=\"wp-block-wd-title title wd-align\">Mark Jance<\/h2>\n\n\n\n<p id=\"wd-210605bd\" class=\"wp-block-wd-paragraph wd-align\">DYREKTOR GENERALNY \/ ZA\u0141O\u017bYCIEL<\/p>\n\n\n\t\t\t<div\n\t\t\t\t\t\tid=\"wd-5cb90531\"\n\t\t\t\t\t\tclass=\" wd-social-icons wd-style-colored wd-size-small social-follow wd-shape-circle  wd-5cb90531 wd-align\">\n\t\t\t\t\n\t\t\t\t\n\t\t\t\t\t\t\t\t\t<a rel=\"noopener noreferrer nofollow\" href=\"#\" target=\"_blank\" class=\" wd-social-icon social-facebook\" aria-label=\"Facebook social link\">\n\t\t\t\t\t\t<span class=\"wd-icon\"><\/span>\n\t\t\t\t\t\t\t\t\t\t\t<\/a>\n\t\t\t\t\n\t\t\t\t\t\t\t\t\t<a rel=\"noopener noreferrer nofollow\" href=\"#\" target=\"_blank\" class=\" wd-social-icon social-twitter\" aria-label=\"X social link\">\n\t\t\t\t\t\t<span class=\"wd-icon\"><\/span>\n\t\t\t\t\t\t\t\t\t\t\t<\/a>\n\t\t\t\t\n\t\t\t\t\n\t\t\t\t\n\t\t\t\t\t\t\t\t\t<a rel=\"noopener noreferrer nofollow\" href=\"#\" target=\"_blank\" class=\" wd-social-icon social-instagram\" aria-label=\"Instagram social link\">\n\t\t\t\t\t\t<span class=\"wd-icon\"><\/span>\n\t\t\t\t\t\t\t\t\t\t\t<\/a>\n\t\t\t\t\n\t\t\t\t\n\t\t\t\t\n\t\t\t\t\n\t\t\t\t\n\t\t\t\t\t\t\t\t\t<a rel=\"noopener noreferrer nofollow\" href=\"#\" target=\"_blank\" class=\" wd-social-icon social-linkedin\" aria-label=\"Linkedin social link\">\n\t\t\t\t\t\t<span class=\"wd-icon\"><\/span>\n\t\t\t\t\t\t\t\t\t\t\t<\/a>\n\t\t\t\t\n\t\t\t\t\n\t\t\t\t\n\t\t\t\t\n\t\t\t\t\n\t\t\t\t\n\t\t\t\t\n\t\t\t\t\n\t\t\t\t\n\t\t\t\t\n\t\t\t\t\n\t\t\t\t\n\t\t\t\t\n\t\t\t\t\n\t\t\t\t\n\t\t\t\t\n\t\t\t\t\n\t\t\t<\/div>\n\n\t\t<\/div>\n<\/div>\n<\/div>\n\n\n\n<div id=\"wd-67aa73f9\" class=\"wp-block-wd-column\">\n<div id=\"wd-aa79ef75\" class=\"wp-block-wd-team-member wd-align wd-design-1\">\n<div id=\"wd-5a407897\" class=\"wp-block-wd-image wd-block-image\"><img data-recalc-dims=\"1\" loading=\"lazy\" decoding=\"async\" width=\"400\" height=\"643\" class=\"wp-image-5217\" src=\"https:\/\/i0.wp.com\/www.mapaho.com\/wp-content\/uploads\/2021\/08\/about-us-3-team-member-2.jpg?resize=400%2C643&#038;ssl=1\" srcset=\"https:\/\/i0.wp.com\/www.mapaho.com\/wp-content\/uploads\/2021\/08\/about-us-3-team-member-2.jpg?w=400&amp;ssl=1 400w, https:\/\/i0.wp.com\/www.mapaho.com\/wp-content\/uploads\/2021\/08\/about-us-3-team-member-2.jpg?resize=150%2C241&amp;ssl=1 150w\" sizes=\"auto, (max-width: 400px) 100vw, 400px\" \/><\/div>\n\n\n\n<div id=\"wd-e5505afc\" class=\"wp-block-wd-container wd-dir-col wd-dir-col-md wd-dir-col-sm\">\n<h2 id=\"wd-de5212f3\" class=\"wp-block-wd-title title wd-align\">Aviana Plummer<\/h2>\n\n\n\n<p id=\"wd-b9230d2a\" class=\"wp-block-wd-paragraph wd-align\">DYREKTOR GENERALNY \/ ZA\u0141O\u017bYCIEL<\/p>\n\n\n\t\t\t<div\n\t\t\t\t\t\tid=\"wd-40a24512\"\n\t\t\t\t\t\tclass=\" wd-social-icons wd-style-colored wd-size-small social-follow wd-shape-circle  wd-40a24512 wd-align\">\n\t\t\t\t\n\t\t\t\t\n\t\t\t\t\t\t\t\t\t<a rel=\"noopener noreferrer nofollow\" href=\"#\" target=\"_blank\" class=\" wd-social-icon social-facebook\" aria-label=\"Facebook social link\">\n\t\t\t\t\t\t<span class=\"wd-icon\"><\/span>\n\t\t\t\t\t\t\t\t\t\t\t<\/a>\n\t\t\t\t\n\t\t\t\t\t\t\t\t\t<a rel=\"noopener noreferrer nofollow\" href=\"#\" target=\"_blank\" class=\" wd-social-icon social-twitter\" aria-label=\"X social link\">\n\t\t\t\t\t\t<span class=\"wd-icon\"><\/span>\n\t\t\t\t\t\t\t\t\t\t\t<\/a>\n\t\t\t\t\n\t\t\t\t\n\t\t\t\t\n\t\t\t\t\t\t\t\t\t<a rel=\"noopener noreferrer nofollow\" href=\"#\" target=\"_blank\" class=\" wd-social-icon social-instagram\" aria-label=\"Instagram social link\">\n\t\t\t\t\t\t<span class=\"wd-icon\"><\/span>\n\t\t\t\t\t\t\t\t\t\t\t<\/a>\n\t\t\t\t\n\t\t\t\t\n\t\t\t\t\n\t\t\t\t\n\t\t\t\t\n\t\t\t\t\t\t\t\t\t<a rel=\"noopener noreferrer nofollow\" href=\"#\" target=\"_blank\" class=\" wd-social-icon social-linkedin\" aria-label=\"Linkedin social link\">\n\t\t\t\t\t\t<span class=\"wd-icon\"><\/span>\n\t\t\t\t\t\t\t\t\t\t\t<\/a>\n\t\t\t\t\n\t\t\t\t\n\t\t\t\t\n\t\t\t\t\n\t\t\t\t\n\t\t\t\t\n\t\t\t\t\n\t\t\t\t\n\t\t\t\t\n\t\t\t\t\n\t\t\t\t\n\t\t\t\t\n\t\t\t\t\n\t\t\t\t\n\t\t\t\t\n\t\t\t\t\n\t\t\t\t\n\t\t\t<\/div>\n\n\t\t<\/div>\n<\/div>\n<\/div>\n\n\n\n<div id=\"wd-ff6fe607\" class=\"wp-block-wd-column\">\n<div id=\"wd-998f9b9e\" class=\"wp-block-wd-team-member wd-align wd-design-1\">\n<div id=\"wd-e79ee8dc\" class=\"wp-block-wd-image wd-block-image\"><img data-recalc-dims=\"1\" loading=\"lazy\" decoding=\"async\" width=\"400\" height=\"643\" class=\"wp-image-5219\" src=\"https:\/\/i0.wp.com\/www.mapaho.com\/wp-content\/uploads\/2021\/08\/about-us-3-team-member-3.jpg?resize=400%2C643&#038;ssl=1\" srcset=\"https:\/\/i0.wp.com\/www.mapaho.com\/wp-content\/uploads\/2021\/08\/about-us-3-team-member-3.jpg?w=400&amp;ssl=1 400w, https:\/\/i0.wp.com\/www.mapaho.com\/wp-content\/uploads\/2021\/08\/about-us-3-team-member-3.jpg?resize=150%2C241&amp;ssl=1 150w\" sizes=\"auto, (max-width: 400px) 100vw, 400px\" \/><\/div>\n\n\n\n<div id=\"wd-c535d0a6\" class=\"wp-block-wd-container wd-dir-col wd-dir-col-md wd-dir-col-sm\">\n<h2 id=\"wd-71ce4058\" class=\"wp-block-wd-title title wd-align\">Braydon Wilkerson<\/h2>\n\n\n\n<p id=\"wd-aae1e500\" class=\"wp-block-wd-paragraph wd-align\">DYREKTOR GENERALNY \/ ZA\u0141O\u017bYCIEL<\/p>\n\n\n\t\t\t<div\n\t\t\t\t\t\tid=\"wd-833bcf12\"\n\t\t\t\t\t\tclass=\" wd-social-icons wd-style-colored wd-size-small social-follow wd-shape-circle  wd-833bcf12 wd-align\">\n\t\t\t\t\n\t\t\t\t\n\t\t\t\t\t\t\t\t\t<a rel=\"noopener noreferrer nofollow\" href=\"#\" target=\"_blank\" class=\" wd-social-icon social-facebook\" aria-label=\"Facebook social link\">\n\t\t\t\t\t\t<span class=\"wd-icon\"><\/span>\n\t\t\t\t\t\t\t\t\t\t\t<\/a>\n\t\t\t\t\n\t\t\t\t\t\t\t\t\t<a rel=\"noopener noreferrer nofollow\" href=\"#\" target=\"_blank\" class=\" wd-social-icon social-twitter\" aria-label=\"X social link\">\n\t\t\t\t\t\t<span class=\"wd-icon\"><\/span>\n\t\t\t\t\t\t\t\t\t\t\t<\/a>\n\t\t\t\t\n\t\t\t\t\n\t\t\t\t\n\t\t\t\t\t\t\t\t\t<a rel=\"noopener noreferrer nofollow\" href=\"#\" target=\"_blank\" class=\" wd-social-icon social-instagram\" aria-label=\"Instagram social link\">\n\t\t\t\t\t\t<span class=\"wd-icon\"><\/span>\n\t\t\t\t\t\t\t\t\t\t\t<\/a>\n\t\t\t\t\n\t\t\t\t\n\t\t\t\t\n\t\t\t\t\n\t\t\t\t\n\t\t\t\t\t\t\t\t\t<a rel=\"noopener noreferrer nofollow\" href=\"#\" target=\"_blank\" class=\" wd-social-icon social-linkedin\" aria-label=\"Linkedin social link\">\n\t\t\t\t\t\t<span class=\"wd-icon\"><\/span>\n\t\t\t\t\t\t\t\t\t\t\t<\/a>\n\t\t\t\t\n\t\t\t\t\n\t\t\t\t\n\t\t\t\t\n\t\t\t\t\n\t\t\t\t\n\t\t\t\t\n\t\t\t\t\n\t\t\t\t\n\t\t\t\t\n\t\t\t\t\n\t\t\t\t\n\t\t\t\t\n\t\t\t\t\n\t\t\t\t\n\t\t\t\t\n\t\t\t\t\n\t\t\t<\/div>\n\n\t\t<\/div>\n<\/div>\n<\/div>\n\n\n\n<div id=\"wd-c78984fe\" class=\"wp-block-wd-column\">\n<div id=\"wd-fcb2339a\" class=\"wp-block-wd-team-member wd-align wd-design-1\">\n<div id=\"wd-bb1d548e\" class=\"wp-block-wd-image wd-block-image\"><img data-recalc-dims=\"1\" loading=\"lazy\" decoding=\"async\" width=\"400\" height=\"643\" class=\"wp-image-5220\" src=\"https:\/\/i0.wp.com\/www.mapaho.com\/wp-content\/uploads\/2021\/08\/about-us-3-team-member-4.jpg?resize=400%2C643&#038;ssl=1\" srcset=\"https:\/\/i0.wp.com\/www.mapaho.com\/wp-content\/uploads\/2021\/08\/about-us-3-team-member-4.jpg?w=400&amp;ssl=1 400w, https:\/\/i0.wp.com\/www.mapaho.com\/wp-content\/uploads\/2021\/08\/about-us-3-team-member-4.jpg?resize=150%2C241&amp;ssl=1 150w\" sizes=\"auto, (max-width: 400px) 100vw, 400px\" \/><\/div>\n\n\n\n<div id=\"wd-1bda46a3\" class=\"wp-block-wd-container wd-dir-col wd-dir-col-md wd-dir-col-sm\">\n<h2 id=\"wd-7db53e24\" class=\"wp-block-wd-title title wd-align\">Kristin Watson<\/h2>\n\n\n\n<p id=\"wd-ee8d700e\" class=\"wp-block-wd-paragraph wd-align\">DYREKTOR GENERALNY \/ ZA\u0141O\u017bYCIEL<\/p>\n\n\n\t\t\t<div\n\t\t\t\t\t\tid=\"wd-c97097ee\"\n\t\t\t\t\t\tclass=\" wd-social-icons wd-style-colored wd-size-small social-follow wd-shape-circle  wd-c97097ee wd-align\">\n\t\t\t\t\n\t\t\t\t\n\t\t\t\t\t\t\t\t\t<a rel=\"noopener noreferrer nofollow\" href=\"#\" target=\"_blank\" class=\" wd-social-icon social-facebook\" aria-label=\"Facebook social link\">\n\t\t\t\t\t\t<span class=\"wd-icon\"><\/span>\n\t\t\t\t\t\t\t\t\t\t\t<\/a>\n\t\t\t\t\n\t\t\t\t\t\t\t\t\t<a rel=\"noopener noreferrer nofollow\" href=\"#\" target=\"_blank\" class=\" wd-social-icon social-twitter\" aria-label=\"X social link\">\n\t\t\t\t\t\t<span class=\"wd-icon\"><\/span>\n\t\t\t\t\t\t\t\t\t\t\t<\/a>\n\t\t\t\t\n\t\t\t\t\n\t\t\t\t\n\t\t\t\t\t\t\t\t\t<a rel=\"noopener noreferrer nofollow\" href=\"#\" target=\"_blank\" class=\" wd-social-icon social-instagram\" aria-label=\"Instagram social link\">\n\t\t\t\t\t\t<span class=\"wd-icon\"><\/span>\n\t\t\t\t\t\t\t\t\t\t\t<\/a>\n\t\t\t\t\n\t\t\t\t\n\t\t\t\t\n\t\t\t\t\n\t\t\t\t\n\t\t\t\t\t\t\t\t\t<a rel=\"noopener noreferrer nofollow\" href=\"#\" target=\"_blank\" class=\" wd-social-icon social-linkedin\" aria-label=\"Linkedin social link\">\n\t\t\t\t\t\t<span class=\"wd-icon\"><\/span>\n\t\t\t\t\t\t\t\t\t\t\t<\/a>\n\t\t\t\t\n\t\t\t\t\n\t\t\t\t\n\t\t\t\t\n\t\t\t\t\n\t\t\t\t\n\t\t\t\t\n\t\t\t\t\n\t\t\t\t\n\t\t\t\t\n\t\t\t\t\n\t\t\t\t\n\t\t\t\t\n\t\t\t\t\n\t\t\t\t\n\t\t\t\t\n\t\t\t\t\n\t\t\t<\/div>\n\n\t\t<\/div>\n<\/div>\n<\/div>\n<\/div>\n\n<div id=\"wd-4e76261e\" class=\"wp-block-wd-section\">\n<div id=\"wd-f77bfcc8\" class=\"wp-block-wd-row\">\n<div id=\"wd-79ab2d7d\" class=\"wp-block-wd-column color-scheme-light wd-align\">\n<p id=\"wd-222e049d\" class=\"wp-block-wd-paragraph\">STWORZONE PRZEZ XTEMOS STUDIO<\/p>\n\n\n\n<h2 id=\"wd-c2316bf5\" class=\"wp-block-wd-title title wd-custom-width\">Pracujemy nad ka\u017cdym aspektem w fazie planowania<\/h2>\n\n\n\n<a id=\"wd-fec02fc7\" class=\"wp-block-wd-button btn btn-style-link btn-color-white btn-size-default\" href=\"#\"><span>Robimy to dla Ciebie z mi\u0142o\u015bci\u0105<\/span><\/a>\n<\/div>\n\n\n\n<div id=\"wd-5844915f\" class=\"wp-block-wd-column color-scheme-light\">\n<div id=\"wd-7b14ffd3\" class=\"wp-block-wd-row\">\n<div id=\"wd-fb7ff922\" class=\"wp-block-wd-column wd-align\">\n<div id=\"wd-1355bb71\" class=\"wp-block-wd-animated-counter\"><span data-state=\"new\" data-final=\"2012\">0<\/span><\/div>\n\n\n\n<p id=\"wd-3c5e972b\" class=\"wp-block-wd-paragraph\">ROK ZA\u0141O\u017bENIA<\/p>\n<\/div>\n\n\n\n<div id=\"wd-24cf6859\" class=\"wp-block-wd-column wd-align\">\n<div id=\"wd-bfead99a\" class=\"wp-block-wd-animated-counter\"><span data-state=\"new\" data-final=\"2000\">0<\/span><\/div>\n\n\n\n<p id=\"wd-ef8688b7\" class=\"wp-block-wd-paragraph\">HAPPY COSTUMERS<\/p>\n<\/div>\n<\/div>\n\n\n\n<div id=\"wd-9548856b\" class=\"wp-block-wd-row\">\n<div id=\"wd-7a8c9ebf\" class=\"wp-block-wd-column wd-align\">\n<div id=\"wd-e3e21c9f\" class=\"wp-block-wd-animated-counter\"><span data-state=\"new\" data-final=\"190\">0<\/span><\/div>\n\n\n\n<p id=\"wd-a956e82b\" class=\"wp-block-wd-paragraph\">COMPANY WORK WITH US<\/p>\n<\/div>\n\n\n\n<div id=\"wd-547d342f\" class=\"wp-block-wd-column wd-align\">\n<div id=\"wd-f9b62fb3\" class=\"wp-block-wd-animated-counter\"><span data-state=\"new\" data-final=\"2\">0<\/span><\/div>\n\n\n\n<p id=\"wd-64e7bea7\" class=\"wp-block-wd-paragraph\">OFFICES<\/p>\n<\/div>\n<\/div>\n\n\n\n<div id=\"wd-cba9bb4d\" class=\"wp-block-wd-row\">\n<div id=\"wd-b45998e7\" class=\"wp-block-wd-column wd-align\">\n<div id=\"wd-007c6e34\" class=\"wp-block-wd-animated-counter\"><span data-state=\"new\" data-final=\"21\">0<\/span><\/div>\n\n\n\n<p id=\"wd-3b554881\" class=\"wp-block-wd-paragraph\">TEAM MEMBERS<\/p>\n<\/div>\n\n\n\n<div id=\"wd-ef082330\" class=\"wp-block-wd-column wd-align\">\n<div id=\"wd-cbcf6ac2\" class=\"wp-block-wd-animated-counter\"><span data-state=\"new\" data-final=\"750\">0<\/span><\/div>\n\n\n\n<p id=\"wd-c0ebf7d6\" class=\"wp-block-wd-paragraph\">PROJECTS COMPLETED<\/p>\n<\/div>\n<\/div>\n<\/div>\n<\/div>\n<\/div>\n\n<div id=\"wd-d4a303c5\" class=\"wp-block-wd-row\">\n<div id=\"wd-c3a9510f\" class=\"wp-block-wd-column\">\n<div id=\"wd-a9246fc2\" class=\"wp-block-wd-video wd-el-video wd-action-overlay wd-video-external wd-with-aspect-ratio\"><iframe allowfullscreen=\"\" allow=\"accelerometer; autoplay; encrypted-media; gyroscope; picture-in-picture\" width=\"100%\" height=\"100%\" loading=\"lazy\" data-lazy-load=\"https:\/\/www.youtube.com\/embed\/LXb3EKWsInQ?feature=oembed&amp;controls=1&amp;autoplay=1\"><\/iframe><div class=\"wd-el-video-overlay wd-fill\"><img data-recalc-dims=\"1\" loading=\"lazy\" decoding=\"async\" width=\"580\" height=\"340\" src=\"https:\/\/i0.wp.com\/www.mapaho.com\/wp-content\/uploads\/2021\/08\/about-us-3-video-1.jpg?resize=580%2C340&#038;ssl=1\" class=\"wp-image-5222\" srcset=\"https:\/\/i0.wp.com\/www.mapaho.com\/wp-content\/uploads\/2021\/08\/about-us-3-video-1.jpg?w=580&amp;ssl=1 580w, https:\/\/i0.wp.com\/www.mapaho.com\/wp-content\/uploads\/2021\/08\/about-us-3-video-1.jpg?resize=430%2C252&amp;ssl=1 430w, https:\/\/i0.wp.com\/www.mapaho.com\/wp-content\/uploads\/2021\/08\/about-us-3-video-1.jpg?resize=150%2C88&amp;ssl=1 150w\" sizes=\"auto, (max-width: 580px) 100vw, 580px\" \/><\/div><div class=\"wd-el-video-control color-scheme-light wd-fill\"><span class=\"wd-el-video-play-btn\"><\/span><\/div><a href=\"https:\/\/www.youtube.com\/embed\/LXb3EKWsInQ?feature=oembed&amp;controls=1&amp;autoplay=1\" class=\"wd-el-video-link wd-el-video-btn-overlay wd-fill\"><\/a><\/div>\n\n\n\n<h2 id=\"wd-91fd073d\" class=\"wp-block-wd-title title\">Our company history and facts<\/h2>\n\n\n\n<p id=\"wd-d3735646\" class=\"wp-block-wd-paragraph wd-custom-width\"><em>I should be incapable of drawing a single stroke at the present moment; and yet I feel that I never was a greater artist than now.<\/em><\/p>\n<\/div>\n\n\n\n<div id=\"wd-47e0896e\" class=\"wp-block-wd-column\">\n<div id=\"wd-29bcabf8\" class=\"wp-block-wd-video wd-el-video wd-action-overlay wd-video-external wd-with-aspect-ratio\"><iframe allowfullscreen=\"\" allow=\"accelerometer; autoplay; encrypted-media; gyroscope; picture-in-picture\" width=\"100%\" height=\"100%\" loading=\"lazy\" data-lazy-load=\"https:\/\/www.youtube.com\/embed\/LXb3EKWsInQ?feature=oembed&amp;controls=1&amp;autoplay=1\"><\/iframe><div class=\"wd-el-video-overlay wd-fill\"><img data-recalc-dims=\"1\" loading=\"lazy\" decoding=\"async\" width=\"580\" height=\"340\" src=\"https:\/\/i0.wp.com\/www.mapaho.com\/wp-content\/uploads\/2021\/08\/about-us-3-video-2.jpg?resize=580%2C340&#038;ssl=1\" class=\"wp-image-5223\" srcset=\"https:\/\/i0.wp.com\/www.mapaho.com\/wp-content\/uploads\/2021\/08\/about-us-3-video-2.jpg?w=580&amp;ssl=1 580w, https:\/\/i0.wp.com\/www.mapaho.com\/wp-content\/uploads\/2021\/08\/about-us-3-video-2.jpg?resize=430%2C252&amp;ssl=1 430w, https:\/\/i0.wp.com\/www.mapaho.com\/wp-content\/uploads\/2021\/08\/about-us-3-video-2.jpg?resize=150%2C88&amp;ssl=1 150w\" sizes=\"auto, (max-width: 580px) 100vw, 580px\" \/><\/div><div class=\"wd-el-video-control color-scheme-light wd-fill\"><span class=\"wd-el-video-play-btn\"><\/span><\/div><a href=\"https:\/\/www.youtube.com\/embed\/LXb3EKWsInQ?feature=oembed&amp;controls=1&amp;autoplay=1\" class=\"wd-el-video-link wd-el-video-btn-overlay wd-fill\"><\/a><\/div>\n\n\n\n<h2 id=\"wd-30c886d8\" class=\"wp-block-wd-title title\">Design &amp; development process demonstration<\/h2>\n\n\n\n<p id=\"wd-dfce0dc3\" class=\"wp-block-wd-paragraph wd-custom-width\"><em>A wonderful serenity has taken possession of my entire soul,like these sweet mornings of spring which I enjoy with my whole heart.<\/em><\/p>\n<\/div>\n<\/div>\n","protected":false},"excerpt":{"rendered":"","protected":false},"author":1,"featured_media":0,"parent":0,"menu_order":0,"comment_status":"closed","ping_status":"closed","template":"","meta":{"advanced_seo_description":"","jetpack_seo_html_title":"","jetpack_seo_noindex":false,"footnotes":""},"class_list":["post-37171","page","type-page","status-publish","hentry"],"jetpack_sharing_enabled":true,"_links":{"self":[{"href":"https:\/\/www.mapaho.com\/pl\/wp-json\/wp\/v2\/pages\/37171","targetHints":{"allow":["GET"]}}],"collection":[{"href":"https:\/\/www.mapaho.com\/pl\/wp-json\/wp\/v2\/pages"}],"about":[{"href":"https:\/\/www.mapaho.com\/pl\/wp-json\/wp\/v2\/types\/page"}],"author":[{"embeddable":true,"href":"https:\/\/www.mapaho.com\/pl\/wp-json\/wp\/v2\/users\/1"}],"replies":[{"embeddable":true,"href":"https:\/\/www.mapaho.com\/pl\/wp-json\/wp\/v2\/comments?post=37171"}],"version-history":[{"count":1,"href":"https:\/\/www.mapaho.com\/pl\/wp-json\/wp\/v2\/pages\/37171\/revisions"}],"predecessor-version":[{"id":37172,"href":"https:\/\/www.mapaho.com\/pl\/wp-json\/wp\/v2\/pages\/37171\/revisions\/37172"}],"wp:attachment":[{"href":"https:\/\/www.mapaho.com\/pl\/wp-json\/wp\/v2\/media?parent=37171"}],"curies":[{"name":"wp","href":"https:\/\/api.w.org\/{rel}","templated":true}]}}